{"id":5536,"date":"2026-02-28T21:42:54","date_gmt":"2026-02-28T20:42:54","guid":{"rendered":"https:\/\/vannabed.com\/?post_type=product&#038;p=5536"},"modified":"2026-04-14T16:56:04","modified_gmt":"2026-04-14T14:56:04","slug":"matrac-do-auta-dacia-jogger-195cm","status":"publish","type":"product","link":"https:\/\/vannabed.com\/sk\/product\/matrac-do-auta-dacia-jogger-195cm\/","title":{"rendered":"Matrac do auta Dacia Jogger 195cm"},"content":{"rendered":"<p><strong data-start=\"307\" data-end=\"353\">Skladac\u00ed matrac VANNABED 130 \u00d7 195 \u00d7 8 cm<\/strong>\u00a0je ide\u00e1lnym rie\u0161en\u00edm pre \u013eud\u00ed, ktor\u00ed chc\u00fa na cest\u00e1ch spa\u0165 pohodlne ako doma. Matrac sa montuje do interi\u00e9ru vozidla a v spolupr\u00e1ci s r\u00e1mom VANNABED vytv\u00e1ra pohodln\u00e9 l\u00f4\u017eko plnej ve\u013ekosti pre dve dospel\u00e9 osoby.<\/p>\n<div class=\"elementor-element elementor-element-a79bb2e e-con-full e-flex e-con e-child\" data-particle_enable=\"false\" data-particle-mobile-disabled=\"false\" data-id=\"a79bb2e\" data-element_type=\"container\">\n<div class=\"elementor-element elementor-element-9991967 animated-slow elementor-widget elementor-widget-text-editor\" data-id=\"9991967\" data-element_type=\"widget\" data-settings=\"{&quot;_animation&quot;:&quot;none&quot;}\" data-widget_type=\"text-editor.default\">\n<div class=\"elementor-widget-container\">\n<p>Je to osved\u010den\u00fd materi\u00e1l, ktor\u00fd poskytuje pohodlie a odolnos\u0165. Matrac je stredne tvrd\u00fd - poskytuje dobr\u00fa oporu a nezh\u0155\u0148a sa, pri\u010dom poskytuje t\u00fa spr\u00e1vnu m\u00e4kkos\u0165 na \u013eahk\u00fd odpo\u010dinok po akt\u00edvnom dni.<\/p>\n<p>Kryt sp\u00e1ja estetiku s praktickos\u0165ou. Materi\u00e1l nielen skvele vyzer\u00e1, ale je aj odoln\u00fd vo\u010di oderu. Je ide\u00e1lny na kempovanie - aj v pr\u00edtomnosti det\u00ed alebo dom\u00e1cich zvierat.<\/p>\n<p><strong data-start=\"462\" data-end=\"521\">Skladac\u00ed matrac VANNABED 130 \u00d7 195 \u00d7 8 cm s v\u00fdrezmi<\/strong>\u00a0bol navrhnut\u00fd \u0161peci\u00e1lne pre vozidlo Dacia Joggrer.<br \/>\nV\u010faka presn\u00fdm v\u00fdrezom dokonale zapad\u00e1 do interi\u00e9ru vozidla a zaru\u010duje pohodlie a funk\u010dnos\u0165.<\/p>\n<p data-pm-slice=\"0 0 []\"><strong>Pohodlie a kvalita<\/strong><\/p>\n<p>Matrac sa sklad\u00e1 z troch \u010dast\u00ed, v\u010faka \u010domu ho mo\u017eno \u013eahko zlo\u017ei\u0165, uskladni\u0165 a prisp\u00f4sobi\u0165 r\u00f4znym konfigur\u00e1ci\u00e1m interi\u00e9ru. Je vyroben\u00fd z vysokokvalitnej peny a poskytuje primeran\u00fa oporu tela a pohodln\u00fd sp\u00e1nok bez oh\u013eadu na podmienky. Dokonale sa sp\u00e1ja s r\u00e1mom VANNABED pre autoseda\u010dku TDacia Jogger. Jadro matraca tvor\u00ed hust\u00e1 polyuret\u00e1nov\u00e1 pena, ktor\u00e1 poskytuje optim\u00e1lnu oporu chrbtici a tepeln\u00fd komfort v akejko\u013evek polohe.<\/p>\n<\/div>\n<\/div>\n<\/div>","protected":false},"excerpt":{"rendered":"<p data-start=\"118\" data-end=\"206\">Matrac do auta a \u013eahk\u00e1 poste\u013e s r\u00e1mom. Preme\u0148te svoj mikrobus alebo dod\u00e1vku na pohodln\u00fa sp\u00e1l\u0148u: r\u00fdchla mont\u00e1\u017e, vhodn\u00e9 pre ob\u013e\u00faben\u00e9 modely, komfort sp\u00e1nku a mobilita.<br \/>\nMatrac do auta Dacia Jogger<\/p>","protected":false},"featured_media":2998,"comment_status":"open","ping_status":"closed","template":"","meta":{"_acf_changed":false},"product_brand":[],"product_cat":[71,27],"product_tag":[],"class_list":{"0":"post-5536","1":"product","2":"type-product","3":"status-publish","4":"has-post-thumbnail","6":"product_cat-dacia","7":"product_cat-materace","8":"product_shipping_class-lekkie-duze","10":"first","11":"instock","12":"shipping-taxable","13":"purchasable","14":"product-type-simple"},"acf":[],"yoast_head":"<!-- This site is optimized with the Yoast SEO plugin v27.4 - https:\/\/yoast.com\/product\/yoast-seo-wordpress\/ -->\n<title>Materac do samochodu Dacia Jogger<\/title>\n<meta name=\"description\" content=\"Materac do samochodu Dacia Jogger. \u0141\u00f3\u017cko do auta, kapmper box\" \/>\n<meta name=\"robots\" content=\"index, follow, max-snippet:-1, max-image-preview:large, max-video-preview:-1\" \/>\n<link rel=\"canonical\" href=\"https:\/\/vannabed.com\/sk\/product\/matrac-do-auta-dacia-jogger-195cm\/?wmc-currency=EUR\" \/>\n<meta property=\"og:locale\" content=\"sk_SK\" \/>\n<meta property=\"og:type\" content=\"article\" \/>\n<meta property=\"og:title\" content=\"Materac do samochodu Dacia Jogger\" \/>\n<meta property=\"og:description\" content=\"Materac do samochodu Dacia Jogger. \u0141\u00f3\u017cko do auta, kapmper box\" \/>\n<meta property=\"og:url\" content=\"https:\/\/vannabed.com\/sk\/product\/matrac-do-auta-dacia-jogger-195cm\/?wmc-currency=EUR\" \/>\n<meta property=\"og:site_name\" content=\"Vannabed\" \/>\n<meta property=\"article:modified_time\" content=\"2026-04-14T14:56:04+00:00\" \/>\n<meta property=\"og:image\" content=\"https:\/\/vannabed.com\/wp-content\/uploads\/2025\/10\/materac-ToyotaProAce-Verso.png\" \/>\n\t<meta property=\"og:image:width\" content=\"1200\" \/>\n\t<meta property=\"og:image:height\" content=\"1198\" \/>\n\t<meta property=\"og:image:type\" content=\"image\/png\" \/>\n<meta name=\"twitter:card\" content=\"summary_large_image\" \/>\n<meta name=\"twitter:label1\" content=\"Predpokladan\u00fd \u010das \u010d\u00edtania\" \/>\n\t<meta name=\"twitter:data1\" content=\"2 min\u00faty\" \/>\n<script type=\"application\/ld+json\" class=\"yoast-schema-graph\">{\"@context\":\"https:\\\/\\\/schema.org\",\"@graph\":[{\"@type\":\"WebPage\",\"@id\":\"https:\\\/\\\/vannabed.com\\\/produkt\\\/materac-do-samochodu-dacia-jogger-195cm\\\/\",\"url\":\"https:\\\/\\\/vannabed.com\\\/produkt\\\/materac-do-samochodu-dacia-jogger-195cm\\\/\",\"name\":\"Materac do samochodu Dacia Jogger\",\"isPartOf\":{\"@id\":\"https:\\\/\\\/vannabed.com\\\/#website\"},\"primaryImageOfPage\":{\"@id\":\"https:\\\/\\\/vannabed.com\\\/produkt\\\/materac-do-samochodu-dacia-jogger-195cm\\\/#primaryimage\"},\"image\":{\"@id\":\"https:\\\/\\\/vannabed.com\\\/produkt\\\/materac-do-samochodu-dacia-jogger-195cm\\\/#primaryimage\"},\"thumbnailUrl\":\"https:\\\/\\\/vannabed.com\\\/wp-content\\\/uploads\\\/2025\\\/10\\\/materac-ToyotaProAce-Verso.png\",\"datePublished\":\"2026-02-28T20:42:54+00:00\",\"dateModified\":\"2026-04-14T14:56:04+00:00\",\"description\":\"Materac do samochodu Dacia Jogger. \u0141\u00f3\u017cko do auta, kapmper box\",\"breadcrumb\":{\"@id\":\"https:\\\/\\\/vannabed.com\\\/produkt\\\/materac-do-samochodu-dacia-jogger-195cm\\\/#breadcrumb\"},\"inLanguage\":\"sk-SK\",\"potentialAction\":[{\"@type\":\"ReadAction\",\"target\":[\"https:\\\/\\\/vannabed.com\\\/produkt\\\/materac-do-samochodu-dacia-jogger-195cm\\\/\"]}]},{\"@type\":\"ImageObject\",\"inLanguage\":\"sk-SK\",\"@id\":\"https:\\\/\\\/vannabed.com\\\/produkt\\\/materac-do-samochodu-dacia-jogger-195cm\\\/#primaryimage\",\"url\":\"https:\\\/\\\/vannabed.com\\\/wp-content\\\/uploads\\\/2025\\\/10\\\/materac-ToyotaProAce-Verso.png\",\"contentUrl\":\"https:\\\/\\\/vannabed.com\\\/wp-content\\\/uploads\\\/2025\\\/10\\\/materac-ToyotaProAce-Verso.png\",\"width\":1200,\"height\":1198},{\"@type\":\"BreadcrumbList\",\"@id\":\"https:\\\/\\\/vannabed.com\\\/produkt\\\/materac-do-samochodu-dacia-jogger-195cm\\\/#breadcrumb\",\"itemListElement\":[{\"@type\":\"ListItem\",\"position\":1,\"name\":\"Strona g\u0142\u00f3wna\",\"item\":\"https:\\\/\\\/vannabed.com\\\/\"},{\"@type\":\"ListItem\",\"position\":2,\"name\":\"Produkty\",\"item\":\"https:\\\/\\\/vannabed.com\\\/sklep__trashed\\\/\"},{\"@type\":\"ListItem\",\"position\":3,\"name\":\"Materac do samochodu Dacia Jogger 195cm\"}]},{\"@type\":\"WebSite\",\"@id\":\"https:\\\/\\\/vannabed.com\\\/#website\",\"url\":\"https:\\\/\\\/vannabed.com\\\/\",\"name\":\"Stela\u017c do spania, \u0142\u00f3\u017cko, baza i system do Aut i Kamper\u00f3w\",\"description\":\"o yeah\",\"publisher\":{\"@id\":\"https:\\\/\\\/vannabed.com\\\/#organization\"},\"alternateName\":\"Stela\u017c do spania, \u0142\u00f3\u017cko, baza i system do Aut i Kamper\u00f3w\",\"potentialAction\":[{\"@type\":\"SearchAction\",\"target\":{\"@type\":\"EntryPoint\",\"urlTemplate\":\"https:\\\/\\\/vannabed.com\\\/?s={search_term_string}\"},\"query-input\":{\"@type\":\"PropertyValueSpecification\",\"valueRequired\":true,\"valueName\":\"search_term_string\"}}],\"inLanguage\":\"sk-SK\"},{\"@type\":\"Organization\",\"@id\":\"https:\\\/\\\/vannabed.com\\\/#organization\",\"name\":\"Stela\u017c do spania, \u0142\u00f3\u017cko, baza i system do Aut i Kamper\u00f3w\",\"url\":\"https:\\\/\\\/vannabed.com\\\/\",\"logo\":{\"@type\":\"ImageObject\",\"inLanguage\":\"sk-SK\",\"@id\":\"https:\\\/\\\/vannabed.com\\\/#\\\/schema\\\/logo\\\/image\\\/\",\"url\":\"\",\"contentUrl\":\"\",\"caption\":\"Stela\u017c do spania, \u0142\u00f3\u017cko, baza i system do Aut i Kamper\u00f3w\"},\"image\":{\"@id\":\"https:\\\/\\\/vannabed.com\\\/#\\\/schema\\\/logo\\\/image\\\/\"}}]}<\/script>\n<!-- \/ Yoast SEO plugin. -->","yoast_head_json":{"title":"Matrac do auta Dacia Jogger","description":"Matrac do auta Dacia Jogger. Poste\u013e do auta, kapmper box","robots":{"index":"index","follow":"follow","max-snippet":"max-snippet:-1","max-image-preview":"max-image-preview:large","max-video-preview":"max-video-preview:-1"},"canonical":"https:\/\/vannabed.com\/sk\/product\/matrac-do-auta-dacia-jogger-195cm\/?wmc-currency=EUR","og_locale":"sk_SK","og_type":"article","og_title":"Materac do samochodu Dacia Jogger","og_description":"Materac do samochodu Dacia Jogger. \u0141\u00f3\u017cko do auta, kapmper box","og_url":"https:\/\/vannabed.com\/sk\/product\/matrac-do-auta-dacia-jogger-195cm\/?wmc-currency=EUR","og_site_name":"Vannabed","article_modified_time":"2026-04-14T14:56:04+00:00","og_image":[{"width":1200,"height":1198,"url":"https:\/\/vannabed.com\/wp-content\/uploads\/2025\/10\/materac-ToyotaProAce-Verso.png","type":"image\/png"}],"twitter_card":"summary_large_image","twitter_misc":{"Predpokladan\u00fd \u010das \u010d\u00edtania":"2 min\u00faty"},"schema":{"@context":"https:\/\/schema.org","@graph":[{"@type":"WebPage","@id":"https:\/\/vannabed.com\/produkt\/materac-do-samochodu-dacia-jogger-195cm\/","url":"https:\/\/vannabed.com\/produkt\/materac-do-samochodu-dacia-jogger-195cm\/","name":"Matrac do auta Dacia Jogger","isPartOf":{"@id":"https:\/\/vannabed.com\/#website"},"primaryImageOfPage":{"@id":"https:\/\/vannabed.com\/produkt\/materac-do-samochodu-dacia-jogger-195cm\/#primaryimage"},"image":{"@id":"https:\/\/vannabed.com\/produkt\/materac-do-samochodu-dacia-jogger-195cm\/#primaryimage"},"thumbnailUrl":"https:\/\/vannabed.com\/wp-content\/uploads\/2025\/10\/materac-ToyotaProAce-Verso.png","datePublished":"2026-02-28T20:42:54+00:00","dateModified":"2026-04-14T14:56:04+00:00","description":"Matrac do auta Dacia Jogger. Poste\u013e do auta, kapmper box","breadcrumb":{"@id":"https:\/\/vannabed.com\/produkt\/materac-do-samochodu-dacia-jogger-195cm\/#breadcrumb"},"inLanguage":"sk-SK","potentialAction":[{"@type":"ReadAction","target":["https:\/\/vannabed.com\/produkt\/materac-do-samochodu-dacia-jogger-195cm\/"]}]},{"@type":"ImageObject","inLanguage":"sk-SK","@id":"https:\/\/vannabed.com\/produkt\/materac-do-samochodu-dacia-jogger-195cm\/#primaryimage","url":"https:\/\/vannabed.com\/wp-content\/uploads\/2025\/10\/materac-ToyotaProAce-Verso.png","contentUrl":"https:\/\/vannabed.com\/wp-content\/uploads\/2025\/10\/materac-ToyotaProAce-Verso.png","width":1200,"height":1198},{"@type":"BreadcrumbList","@id":"https:\/\/vannabed.com\/produkt\/materac-do-samochodu-dacia-jogger-195cm\/#breadcrumb","itemListElement":[{"@type":"ListItem","position":1,"name":"Strona g\u0142\u00f3wna","item":"https:\/\/vannabed.com\/"},{"@type":"ListItem","position":2,"name":"Produkty","item":"https:\/\/vannabed.com\/sklep__trashed\/"},{"@type":"ListItem","position":3,"name":"Materac do samochodu Dacia Jogger 195cm"}]},{"@type":"WebSite","@id":"https:\/\/vannabed.com\/#website","url":"https:\/\/vannabed.com\/","name":"R\u00e1m na spanie, poste\u013e, z\u00e1klad\u0148a a syst\u00e9m pre aut\u00e1 a karavany","description":"ach \u00e1no","publisher":{"@id":"https:\/\/vannabed.com\/#organization"},"alternateName":"Stela\u017c do spania, \u0142\u00f3\u017cko, baza i system do Aut i Kamper\u00f3w","potentialAction":[{"@type":"SearchAction","target":{"@type":"EntryPoint","urlTemplate":"https:\/\/vannabed.com\/?s={search_term_string}"},"query-input":{"@type":"PropertyValueSpecification","valueRequired":true,"valueName":"search_term_string"}}],"inLanguage":"sk-SK"},{"@type":"Organization","@id":"https:\/\/vannabed.com\/#organization","name":"R\u00e1m na spanie, poste\u013e, z\u00e1klad\u0148a a syst\u00e9m pre aut\u00e1 a karavany","url":"https:\/\/vannabed.com\/","logo":{"@type":"ImageObject","inLanguage":"sk-SK","@id":"https:\/\/vannabed.com\/#\/schema\/logo\/image\/","url":"","contentUrl":"","caption":"Stela\u017c do spania, \u0142\u00f3\u017cko, baza i system do Aut i Kamper\u00f3w"},"image":{"@id":"https:\/\/vannabed.com\/#\/schema\/logo\/image\/"}}]}},"_links":{"self":[{"href":"https:\/\/vannabed.com\/sk\/wp-json\/wp\/v2\/product\/5536","targetHints":{"allow":["GET"]}}],"collection":[{"href":"https:\/\/vannabed.com\/sk\/wp-json\/wp\/v2\/product"}],"about":[{"href":"https:\/\/vannabed.com\/sk\/wp-json\/wp\/v2\/types\/product"}],"replies":[{"embeddable":true,"href":"https:\/\/vannabed.com\/sk\/wp-json\/wp\/v2\/comments?post=5536"}],"version-history":[{"count":5,"href":"https:\/\/vannabed.com\/sk\/wp-json\/wp\/v2\/product\/5536\/revisions"}],"predecessor-version":[{"id":6012,"href":"https:\/\/vannabed.com\/sk\/wp-json\/wp\/v2\/product\/5536\/revisions\/6012"}],"wp:featuredmedia":[{"embeddable":true,"href":"https:\/\/vannabed.com\/sk\/wp-json\/wp\/v2\/media\/2998"}],"wp:attachment":[{"href":"https:\/\/vannabed.com\/sk\/wp-json\/wp\/v2\/media?parent=5536"}],"wp:term":[{"taxonomy":"product_brand","embeddable":true,"href":"https:\/\/vannabed.com\/sk\/wp-json\/wp\/v2\/product_brand?post=5536"},{"taxonomy":"product_cat","embeddable":true,"href":"https:\/\/vannabed.com\/sk\/wp-json\/wp\/v2\/product_cat?post=5536"},{"taxonomy":"product_tag","embeddable":true,"href":"https:\/\/vannabed.com\/sk\/wp-json\/wp\/v2\/product_tag?post=5536"}],"curies":[{"name":"wp","href":"https:\/\/api.w.org\/{rel}","templated":true}]}}