{"id":2129,"date":"2025-08-15T00:16:48","date_gmt":"2025-08-14T22:16:48","guid":{"rendered":"https:\/\/vannabed.com\/?page_id=2129"},"modified":"2025-11-01T13:06:35","modified_gmt":"2025-11-01T12:06:35","slug":"sklepproace","status":"publish","type":"page","link":"https:\/\/vannabed.com\/sk\/sklepproace\/","title":{"rendered":"ShopProace"},"content":{"rendered":"<div data-elementor-type=\"wp-page\" data-elementor-id=\"2129\" class=\"elementor elementor-2129\" data-elementor-post-type=\"page\">\n\t\t\t\t<div data-particle_enable=\"false\" data-particle-mobile-disabled=\"false\" class=\"elementor-element elementor-element-52405fb e-flex e-con-boxed e-con e-parent\" data-id=\"52405fb\" data-element_type=\"container\" data-e-type=\"container\">\n\t\t\t\t\t<div class=\"e-con-inner\">\n\t\t\t\t<div class=\"elementor-element elementor-element-54dca14 elementor-widget elementor-widget-text-editor\" data-id=\"54dca14\" data-element_type=\"widget\" data-e-type=\"widget\" data-widget_type=\"text-editor.default\">\n\t\t\t\t<div class=\"elementor-widget-container\">\n\t\t\t\t\t\t\t\t\t<p>Pre Toyotu Proace pon\u00fakame r\u00f4zne rie\u0161enia v z\u00e1vislosti od modelu a verzie.\u00a0<\/p>\t\t\t\t\t\t\t\t<\/div>\n\t\t\t\t<\/div>\n\t\t\t\t\t<\/div>\n\t\t\t\t<\/div>\n\t\t<div data-particle_enable=\"false\" data-particle-mobile-disabled=\"false\" class=\"elementor-element elementor-element-c9d4890 e-flex e-con-boxed e-con e-parent\" data-id=\"c9d4890\" data-element_type=\"container\" data-e-type=\"container\">\n\t\t\t\t\t<div class=\"e-con-inner\">\n\t\t<div data-particle_enable=\"false\" data-particle-mobile-disabled=\"false\" class=\"elementor-element elementor-element-b0822c8 e-con-full e-flex e-con e-child\" data-id=\"b0822c8\" data-element_type=\"container\" data-e-type=\"container\">\n\t\t\t\t<div class=\"elementor-element elementor-element-6ff308e elementor-widget elementor-widget-text-editor\" data-id=\"6ff308e\" data-element_type=\"widget\" data-e-type=\"widget\" data-widget_type=\"text-editor.default\">\n\t\t\t\t<div class=\"elementor-widget-container\">\n\t\t\t\t\t\t\t\t\t<h4>Toyota Proace City Verso<\/h4><p>\u0160ikmo sklopn\u00e9 sedadl\u00e1 druh\u00e9ho radu? To sme u\u017e rie\u0161ili. Ke\u010f je r\u00e1m posunut\u00fd nadol, m\u00f4\u017eete vo vozidle cestova\u0165 s 5 osobami.\u00a0<br \/>Str\u00e1nka produktu je vo v\u00fdvoji, ale po kontaktovan\u00ed e-mailom\/SMS u\u017e m\u00f4\u017eeme vytvori\u0165 \u010fal\u0161iu k\u00f3piu<br \/>jannick@vannabed.com<br \/>+48 609552644<\/p>\t\t\t\t\t\t\t\t<\/div>\n\t\t\t\t<\/div>\n\t\t\t\t<\/div>\n\t\t<div data-particle_enable=\"false\" data-particle-mobile-disabled=\"false\" class=\"elementor-element elementor-element-075bd5f e-con-full e-flex e-con e-child\" data-id=\"075bd5f\" data-element_type=\"container\" data-e-type=\"container\">\n\t\t\t\t<div class=\"elementor-element elementor-element-53eb020 elementor-widget elementor-widget-text-editor\" data-id=\"53eb020\" data-element_type=\"widget\" data-e-type=\"widget\" data-widget_type=\"text-editor.default\">\n\t\t\t\t<div class=\"elementor-widget-container\">\n\t\t\t\t\t\t\t\t\t<h4>Toyota Proace Verso<\/h4><p>\u00a0M\u00e1me r\u00e1m pre dlh\u00fa aj \u0161tandardn\u00fa verziu.\u00a0<\/p>\t\t\t\t\t\t\t\t<\/div>\n\t\t\t\t<\/div>\n\t\t\t\t<\/div>\n\t\t\t\t\t<\/div>\n\t\t\t\t<\/div>\n\t\t<div data-particle_enable=\"false\" data-particle-mobile-disabled=\"false\" class=\"elementor-element elementor-element-bd6e6e1 e-flex e-con-boxed e-con e-parent\" data-id=\"bd6e6e1\" data-element_type=\"container\" data-e-type=\"container\">\n\t\t\t\t\t<div class=\"e-con-inner\">\n\t\t<div data-particle_enable=\"false\" data-particle-mobile-disabled=\"false\" class=\"elementor-element elementor-element-93680f0 e-con-full e-flex e-con e-child\" data-id=\"93680f0\" data-element_type=\"container\" data-e-type=\"container\">\n\t\t\t\t<div class=\"elementor-element elementor-element-9ad208e elementor-arrows-position-inside elementor-pagination-position-outside elementor-widget elementor-widget-image-carousel\" data-id=\"9ad208e\" data-element_type=\"widget\" data-e-type=\"widget\" data-settings=\"{&quot;slides_to_show&quot;:&quot;1&quot;,&quot;navigation&quot;:&quot;both&quot;,&quot;autoplay&quot;:&quot;yes&quot;,&quot;pause_on_hover&quot;:&quot;yes&quot;,&quot;pause_on_interaction&quot;:&quot;yes&quot;,&quot;autoplay_speed&quot;:5000,&quot;infinite&quot;:&quot;yes&quot;,&quot;effect&quot;:&quot;slide&quot;,&quot;speed&quot;:500}\" data-widget_type=\"image-carousel.default\">\n\t\t\t\t<div class=\"elementor-widget-container\">\n\t\t\t\t\t\t\t<div class=\"elementor-image-carousel-wrapper swiper\" role=\"region\" aria-roledescription=\"carousel\" aria-label=\"Koloto\u010d obr\u00e1zkov\" dir=\"ltr\">\n\t\t\t<div class=\"elementor-image-carousel swiper-wrapper\" aria-live=\"off\">\n\t\t\t\t\t\t\t\t<div class=\"swiper-slide\" role=\"group\" aria-roledescription=\"slide\" aria-label=\"1 von 5\" data-no-translation-aria-label=\"\"><figure class=\"swiper-slide-inner\"><img decoding=\"async\" class=\"swiper-slide-image\" src=\"https:\/\/vannabed.com\/wp-content\/uploads\/2025\/08\/proaceCitiVerso1.jpg\" alt=\"\" data-no-translation=\"\" data-no-auto-translation=\"\" \/><\/figure><\/div><div class=\"swiper-slide\" role=\"group\" aria-roledescription=\"slide\" aria-label=\"2 von 5\" data-no-translation-aria-label=\"\"><figure class=\"swiper-slide-inner\"><img decoding=\"async\" class=\"swiper-slide-image\" src=\"https:\/\/vannabed.com\/wp-content\/uploads\/2025\/08\/proaceCitiVerso2.jpg\" alt=\"\" data-no-translation=\"\" data-no-auto-translation=\"\" \/><\/figure><\/div><div class=\"swiper-slide\" role=\"group\" aria-roledescription=\"slide\" aria-label=\"3 von 5\" data-no-translation-aria-label=\"\"><figure class=\"swiper-slide-inner\"><img decoding=\"async\" class=\"swiper-slide-image\" src=\"https:\/\/vannabed.com\/wp-content\/uploads\/2025\/08\/proaceCitiVerso3.jpg\" alt=\"\" data-no-translation=\"\" data-no-auto-translation=\"\" \/><\/figure><\/div><div class=\"swiper-slide\" role=\"group\" aria-roledescription=\"slide\" aria-label=\"4 von 5\" data-no-translation-aria-label=\"\"><figure class=\"swiper-slide-inner\"><img decoding=\"async\" class=\"swiper-slide-image\" src=\"https:\/\/vannabed.com\/wp-content\/uploads\/2025\/08\/proaceCitiVerso4.jpg\" alt=\"\" data-no-translation=\"\" data-no-auto-translation=\"\" \/><\/figure><\/div><div class=\"swiper-slide\" role=\"group\" aria-roledescription=\"slide\" aria-label=\"5 von 5\" data-no-translation-aria-label=\"\"><figure class=\"swiper-slide-inner\"><img decoding=\"async\" class=\"swiper-slide-image\" src=\"https:\/\/vannabed.com\/wp-content\/uploads\/2025\/08\/proaceCitiVerso5.jpg\" alt=\"\" data-no-translation=\"\" data-no-auto-translation=\"\" \/><\/figure><\/div>\t\t\t<\/div>\n\t\t\t\t\t\t\t\t\t\t\t\t<div class=\"elementor-swiper-button elementor-swiper-button-prev\" role=\"button\" tabindex=\"0\">\n\t\t\t\t\t\t<svg aria-hidden=\"true\" class=\"e-font-icon-svg e-eicon-chevron-left\" viewbox=\"0 0 1000 1000\" xmlns=\"http:\/\/www.w3.org\/2000\/svg\"><path d=\"M646 125C629 125 613 133 604 142L308 442C296 454 292 471 292 487 292 504 296 521 308 533L604 854C617 867 629 875 646 875 663 875 679 871 692 858 704 846 713 829 713 812 713 796 708 779 692 767L438 487 692 225C700 217 708 204 708 187 708 171 704 154 692 142 675 129 663 125 646 125Z\"><\/path><\/svg>\t\t\t\t\t<\/div>\n\t\t\t\t\t<div class=\"elementor-swiper-button elementor-swiper-button-next\" role=\"button\" tabindex=\"0\">\n\t\t\t\t\t\t<svg aria-hidden=\"true\" class=\"e-font-icon-svg e-eicon-chevron-right\" viewbox=\"0 0 1000 1000\" xmlns=\"http:\/\/www.w3.org\/2000\/svg\"><path d=\"M696 533C708 521 713 504 713 487 713 471 708 454 696 446L400 146C388 133 375 125 354 125 338 125 325 129 313 142 300 154 292 171 292 187 292 204 296 221 308 233L563 492 304 771C292 783 288 800 288 817 288 833 296 850 308 863 321 871 338 875 354 875 371 875 388 867 400 854L696 533Z\"><\/path><\/svg>\t\t\t\t\t<\/div>\n\t\t\t\t\n\t\t\t\t\t\t\t\t\t<div class=\"swiper-pagination\"><\/div>\n\t\t\t\t\t\t\t\t\t<\/div>\n\t\t\t\t\t\t<\/div>\n\t\t\t\t<\/div>\n\t\t\t\t<\/div>\n\t\t<div data-particle_enable=\"false\" data-particle-mobile-disabled=\"false\" class=\"elementor-element elementor-element-a0241d0 e-con-full e-flex e-con e-child\" data-id=\"a0241d0\" data-element_type=\"container\" data-e-type=\"container\">\n\t\t\t\t<div class=\"elementor-element elementor-element-d8675f3 elementor-arrows-position-inside elementor-pagination-position-outside elementor-widget elementor-widget-image-carousel\" data-id=\"d8675f3\" data-element_type=\"widget\" data-e-type=\"widget\" data-settings=\"{&quot;navigation&quot;:&quot;both&quot;,&quot;autoplay&quot;:&quot;yes&quot;,&quot;pause_on_hover&quot;:&quot;yes&quot;,&quot;pause_on_interaction&quot;:&quot;yes&quot;,&quot;autoplay_speed&quot;:5000,&quot;infinite&quot;:&quot;yes&quot;,&quot;speed&quot;:500}\" data-widget_type=\"image-carousel.default\">\n\t\t\t\t<div class=\"elementor-widget-container\">\n\t\t\t\t\t\t\t<div class=\"elementor-image-carousel-wrapper swiper\" role=\"region\" aria-roledescription=\"carousel\" aria-label=\"Koloto\u010d obr\u00e1zkov\" dir=\"ltr\">\n\t\t\t<div class=\"elementor-image-carousel swiper-wrapper\" aria-live=\"off\">\n\t\t\t\t\t\t\t\t<div class=\"swiper-slide\" role=\"group\" aria-roledescription=\"slide\" aria-label=\"1 von 7\" data-no-translation-aria-label=\"\"><figure class=\"swiper-slide-inner\"><img decoding=\"async\" class=\"swiper-slide-image\" src=\"https:\/\/vannabed.com\/wp-content\/uploads\/2025\/06\/Lozko-Toyota-Proace-Verso.jpg\" alt=\"\" data-no-translation=\"\" data-no-auto-translation=\"\" \/><\/figure><\/div><div class=\"swiper-slide\" role=\"group\" aria-roledescription=\"slide\" aria-label=\"2 von 7\" data-no-translation-aria-label=\"\"><figure class=\"swiper-slide-inner\"><img decoding=\"async\" class=\"swiper-slide-image\" src=\"https:\/\/vannabed.com\/wp-content\/uploads\/2025\/06\/Stelaz-do-auta-Toyota-Proace-Verso.jpg\" alt=\"\" data-no-translation=\"\" data-no-auto-translation=\"\" \/><\/figure><\/div><div class=\"swiper-slide\" role=\"group\" aria-roledescription=\"slide\" aria-label=\"3 von 7\" data-no-translation-aria-label=\"\"><figure class=\"swiper-slide-inner\"><img decoding=\"async\" class=\"swiper-slide-image\" src=\"https:\/\/vannabed.com\/wp-content\/uploads\/2025\/06\/MateracToyotaProace-150x150.png\" alt=\"materac-toyota-proace-peugeot-traveller-opel-zafira-citroen-spacetourer\" data-no-translation=\"\" data-no-auto-translation=\"\" \/><\/figure><\/div><div class=\"swiper-slide\" role=\"group\" aria-roledescription=\"slide\" aria-label=\"4 von 7\" data-no-translation-aria-label=\"\"><figure class=\"swiper-slide-inner\"><img decoding=\"async\" class=\"swiper-slide-image\" src=\"https:\/\/vannabed.com\/wp-content\/uploads\/2025\/06\/121x88do140ToyotaProaceWyciecie-150x150.png\" alt=\"121x88do140ToyotaProaceWyciecie\" data-no-translation=\"\" data-no-auto-translation=\"\" \/><\/figure><\/div><div class=\"swiper-slide\" role=\"group\" aria-roledescription=\"slide\" aria-label=\"5 von 7\" data-no-translation-aria-label=\"\"><figure class=\"swiper-slide-inner\"><img decoding=\"async\" class=\"swiper-slide-image\" src=\"https:\/\/vannabed.com\/wp-content\/uploads\/2025\/06\/Stelaz-do-Toyota-Proace-Verso.jpg\" alt=\"\" data-no-translation=\"\" data-no-auto-translation=\"\" \/><\/figure><\/div><div class=\"swiper-slide\" role=\"group\" aria-roledescription=\"slide\" aria-label=\"6 von 7\" data-no-translation-aria-label=\"\"><figure class=\"swiper-slide-inner\"><img decoding=\"async\" class=\"swiper-slide-image\" src=\"https:\/\/vannabed.com\/wp-content\/uploads\/2025\/06\/Stelaz-pod-lozko-Toyota-Proace-Verso.jpg\" alt=\"\" data-no-translation=\"\" data-no-auto-translation=\"\" \/><\/figure><\/div><div class=\"swiper-slide\" role=\"group\" aria-roledescription=\"slide\" aria-label=\"7 von 7\" data-no-translation-aria-label=\"\"><figure class=\"swiper-slide-inner\"><img decoding=\"async\" class=\"swiper-slide-image\" src=\"https:\/\/vannabed.com\/wp-content\/uploads\/2025\/06\/240311_Vannabed-0025.jpg\" alt=\"\" data-no-translation=\"\" data-no-auto-translation=\"\" \/><\/figure><\/div>\t\t\t<\/div>\n\t\t\t\t\t\t\t\t\t\t\t\t<div class=\"elementor-swiper-button elementor-swiper-button-prev\" role=\"button\" tabindex=\"0\">\n\t\t\t\t\t\t<svg aria-hidden=\"true\" class=\"e-font-icon-svg e-eicon-chevron-left\" viewbox=\"0 0 1000 1000\" xmlns=\"http:\/\/www.w3.org\/2000\/svg\"><path d=\"M646 125C629 125 613 133 604 142L308 442C296 454 292 471 292 487 292 504 296 521 308 533L604 854C617 867 629 875 646 875 663 875 679 871 692 858 704 846 713 829 713 812 713 796 708 779 692 767L438 487 692 225C700 217 708 204 708 187 708 171 704 154 692 142 675 129 663 125 646 125Z\"><\/path><\/svg>\t\t\t\t\t<\/div>\n\t\t\t\t\t<div class=\"elementor-swiper-button elementor-swiper-button-next\" role=\"button\" tabindex=\"0\">\n\t\t\t\t\t\t<svg aria-hidden=\"true\" class=\"e-font-icon-svg e-eicon-chevron-right\" viewbox=\"0 0 1000 1000\" xmlns=\"http:\/\/www.w3.org\/2000\/svg\"><path d=\"M696 533C708 521 713 504 713 487 713 471 708 454 696 446L400 146C388 133 375 125 354 125 338 125 325 129 313 142 300 154 292 171 292 187 292 204 296 221 308 233L563 492 304 771C292 783 288 800 288 817 288 833 296 850 308 863 321 871 338 875 354 875 371 875 388 867 400 854L696 533Z\"><\/path><\/svg>\t\t\t\t\t<\/div>\n\t\t\t\t\n\t\t\t\t\t\t\t\t\t<div class=\"swiper-pagination\"><\/div>\n\t\t\t\t\t\t\t\t\t<\/div>\n\t\t\t\t\t\t<\/div>\n\t\t\t\t<\/div>\n\t\t\t\t<\/div>\n\t\t\t\t\t<\/div>\n\t\t\t\t<\/div>\n\t\t<div data-particle_enable=\"false\" data-particle-mobile-disabled=\"false\" class=\"elementor-element elementor-element-df014e5 e-flex e-con-boxed e-con e-parent\" data-id=\"df014e5\" data-element_type=\"container\" data-e-type=\"container\">\n\t\t\t\t\t<div class=\"e-con-inner\">\n\t\t\t\t<div class=\"elementor-element elementor-element-ec519e1 eael-product-grid-column-2 elementor-widget elementor-widget-eicon-woocommerce\" data-id=\"ec519e1\" data-element_type=\"widget\" data-e-type=\"widget\" data-widget_type=\"eicon-woocommerce.default\">\n\t\t\t\t<div class=\"elementor-widget-container\">\n\t\t\t\t\t\n        <div class=\"eael-product-grid eael-product-simple masonry\" id=\"eael-product-grid\" data-widget-id=\"ec519e1\" data-page-id=\"2129\" data-nonce=\"f488a071b2\" >\n            <div class=\"woocommerce\">\n                <p class=\"no-posts-found\">Nena\u0161li sa \u017eiadne pr\u00edspevky!<\/p>            <\/div>\n        <\/div>\n\n        <script type=\"text\/javascript\">\n            jQuery(document).ready(function($) {\n                var $scope = jQuery(\".elementor-element-ec519e1\");\n                var $products = $('.products', $scope);\n                var $layout_mode = $products.data('layout-mode');\n                \n                if ( $layout_mode === 'masonry' ) {\n                    \/\/ init isotope\n                    var $isotope_products = $products.isotope({\n                        itemSelector: \"li.product\",\n                        layoutMode: $layout_mode,\n                        percentPosition: true\n                    });\n\n                    $isotope_products.imagesLoaded().progress( function() {\n                        $isotope_products.isotope('layout');\n                    })\n                    \n                }\n            });\n        <\/script>\n        \t\t\t\t<\/div>\n\t\t\t\t<\/div>\n\t\t\t\t\t<\/div>\n\t\t\t\t<\/div>\n\t\t\t\t<\/div>","protected":false},"excerpt":{"rendered":"<p>Wygodne spanie w ka\u017cdej Toyocie Proace , czy to City Verso, , czy to Verso Long VANNABED Do Toyoty Proace proponujemy r\u00f3\u017cne rozwi\u0105zania w zale\u017cno\u015bci od modelu i wersji.\u00a0 Toyota Proace City Verso Sko\u015bnie sk\u0142adane fotele drugiego rz\u0119du? Poradzili\u015bmy sobie z tym. Po zsuni\u0119ciu stela\u017ca mo\u017cna podr\u00f3\u017cowa\u0107 autem w 5 os\u00f3b.\u00a0Strona produktu jest w trakcie [&hellip;]<\/p>\n","protected":false},"author":1,"featured_media":0,"parent":0,"menu_order":0,"comment_status":"closed","ping_status":"closed","template":"elementor_header_footer","meta":{"_acf_changed":false,"footnotes":""},"folder":[59],"class_list":["post-2129","page","type-page","status-publish","hentry"],"acf":[],"yoast_head":"<!-- This site is optimized with the Yoast SEO plugin v27.4 - https:\/\/yoast.com\/product\/yoast-seo-wordpress\/ -->\n<title>Akcesoria do Toyota Proace - Vannabed | Stela\u017ce i materace<\/title>\n<meta name=\"description\" content=\"Akcesoria do Toyota Proace \u2013 uzupe\u0142nienie stela\u017cy i materacy Vannabed. Komfort, funkcjonalno\u015b\u0107 i idealne dopasowanie do podr\u00f3\u017cy.\" \/>\n<meta name=\"robots\" content=\"index, follow, max-snippet:-1, max-image-preview:large, max-video-preview:-1\" \/>\n<link rel=\"canonical\" href=\"https:\/\/vannabed.com\/sk\/sklepproace\/?wmc-currency=EUR\" \/>\n<meta property=\"og:locale\" content=\"sk_SK\" \/>\n<meta property=\"og:type\" content=\"article\" \/>\n<meta property=\"og:title\" content=\"Akcesoria do Toyota Proace - Vannabed | Stela\u017ce i materace\" \/>\n<meta property=\"og:description\" content=\"Akcesoria do Toyota Proace \u2013 uzupe\u0142nienie stela\u017cy i materacy Vannabed. Komfort, funkcjonalno\u015b\u0107 i idealne dopasowanie do podr\u00f3\u017cy.\" \/>\n<meta property=\"og:url\" content=\"https:\/\/vannabed.com\/sk\/sklepproace\/?wmc-currency=EUR\" \/>\n<meta property=\"og:site_name\" content=\"Vannabed\" \/>\n<meta property=\"article:modified_time\" content=\"2025-11-01T12:06:35+00:00\" \/>\n<meta property=\"og:image\" content=\"https:\/\/vannabed.com\/wp-content\/uploads\/2025\/08\/proaceCitiVerso1.jpg\" \/>\n<meta name=\"twitter:card\" content=\"summary_large_image\" \/>\n<meta name=\"twitter:label1\" content=\"Predpokladan\u00fd \u010das \u010d\u00edtania\" \/>\n\t<meta name=\"twitter:data1\" content=\"5 min\u00fat\" \/>\n<script type=\"application\/ld+json\" class=\"yoast-schema-graph\">{\"@context\":\"https:\\\/\\\/schema.org\",\"@graph\":[{\"@type\":\"WebPage\",\"@id\":\"https:\\\/\\\/vannabed.com\\\/pl_pl\\\/sklepproace\\\/\",\"url\":\"https:\\\/\\\/vannabed.com\\\/pl_pl\\\/sklepproace\\\/\",\"name\":\"Akcesoria do Toyota Proace - Vannabed | Stela\u017ce i materace\",\"isPartOf\":{\"@id\":\"https:\\\/\\\/vannabed.com\\\/#website\"},\"primaryImageOfPage\":{\"@id\":\"https:\\\/\\\/vannabed.com\\\/pl_pl\\\/sklepproace\\\/#primaryimage\"},\"image\":{\"@id\":\"https:\\\/\\\/vannabed.com\\\/pl_pl\\\/sklepproace\\\/#primaryimage\"},\"thumbnailUrl\":\"https:\\\/\\\/vannabed.com\\\/wp-content\\\/uploads\\\/2025\\\/08\\\/proaceCitiVerso1.jpg\",\"datePublished\":\"2025-08-14T22:16:48+00:00\",\"dateModified\":\"2025-11-01T12:06:35+00:00\",\"description\":\"Akcesoria do Toyota Proace \u2013 uzupe\u0142nienie stela\u017cy i materacy Vannabed. Komfort, funkcjonalno\u015b\u0107 i idealne dopasowanie do podr\u00f3\u017cy.\",\"breadcrumb\":{\"@id\":\"https:\\\/\\\/vannabed.com\\\/pl_pl\\\/sklepproace\\\/#breadcrumb\"},\"inLanguage\":\"sk-SK\",\"potentialAction\":[{\"@type\":\"ReadAction\",\"target\":[\"https:\\\/\\\/vannabed.com\\\/pl_pl\\\/sklepproace\\\/\"]}]},{\"@type\":\"ImageObject\",\"inLanguage\":\"sk-SK\",\"@id\":\"https:\\\/\\\/vannabed.com\\\/pl_pl\\\/sklepproace\\\/#primaryimage\",\"url\":\"https:\\\/\\\/vannabed.com\\\/wp-content\\\/uploads\\\/2025\\\/08\\\/proaceCitiVerso1.jpg\",\"contentUrl\":\"https:\\\/\\\/vannabed.com\\\/wp-content\\\/uploads\\\/2025\\\/08\\\/proaceCitiVerso1.jpg\"},{\"@type\":\"BreadcrumbList\",\"@id\":\"https:\\\/\\\/vannabed.com\\\/pl_pl\\\/sklepproace\\\/#breadcrumb\",\"itemListElement\":[{\"@type\":\"ListItem\",\"position\":1,\"name\":\"Strona g\u0142\u00f3wna\",\"item\":\"https:\\\/\\\/vannabed.com\\\/\"},{\"@type\":\"ListItem\",\"position\":2,\"name\":\"SklepProace\"}]},{\"@type\":\"WebSite\",\"@id\":\"https:\\\/\\\/vannabed.com\\\/#website\",\"url\":\"https:\\\/\\\/vannabed.com\\\/\",\"name\":\"Stela\u017c do spania, \u0142\u00f3\u017cko, baza i system do Aut i Kamper\u00f3w\",\"description\":\"o yeah\",\"publisher\":{\"@id\":\"https:\\\/\\\/vannabed.com\\\/#organization\"},\"alternateName\":\"Stela\u017c do spania, \u0142\u00f3\u017cko, baza i system do Aut i Kamper\u00f3w\",\"potentialAction\":[{\"@type\":\"SearchAction\",\"target\":{\"@type\":\"EntryPoint\",\"urlTemplate\":\"https:\\\/\\\/vannabed.com\\\/?s={search_term_string}\"},\"query-input\":{\"@type\":\"PropertyValueSpecification\",\"valueRequired\":true,\"valueName\":\"search_term_string\"}}],\"inLanguage\":\"sk-SK\"},{\"@type\":\"Organization\",\"@id\":\"https:\\\/\\\/vannabed.com\\\/#organization\",\"name\":\"Stela\u017c do spania, \u0142\u00f3\u017cko, baza i system do Aut i Kamper\u00f3w\",\"url\":\"https:\\\/\\\/vannabed.com\\\/\",\"logo\":{\"@type\":\"ImageObject\",\"inLanguage\":\"sk-SK\",\"@id\":\"https:\\\/\\\/vannabed.com\\\/#\\\/schema\\\/logo\\\/image\\\/\",\"url\":\"\",\"contentUrl\":\"\",\"caption\":\"Stela\u017c do spania, \u0142\u00f3\u017cko, baza i system do Aut i Kamper\u00f3w\"},\"image\":{\"@id\":\"https:\\\/\\\/vannabed.com\\\/#\\\/schema\\\/logo\\\/image\\\/\"}}]}<\/script>\n<!-- \/ Yoast SEO plugin. -->","yoast_head_json":{"title":"Pr\u00edslu\u0161enstvo pre Toyotu Proace - Vannabed | R\u00e1my a matrace","description":"Pr\u00edslu\u0161enstvo pre Toyotu Proace - doplnok k r\u00e1mom a matracom Vannabed. Pohodlie, funk\u010dnos\u0165 a dokonal\u00e9 prisp\u00f4sobenie pre va\u0161u cestu.","robots":{"index":"index","follow":"follow","max-snippet":"max-snippet:-1","max-image-preview":"max-image-preview:large","max-video-preview":"max-video-preview:-1"},"canonical":"https:\/\/vannabed.com\/sk\/sklepproace\/?wmc-currency=EUR","og_locale":"sk_SK","og_type":"article","og_title":"Akcesoria do Toyota Proace - Vannabed | Stela\u017ce i materace","og_description":"Akcesoria do Toyota Proace \u2013 uzupe\u0142nienie stela\u017cy i materacy Vannabed. Komfort, funkcjonalno\u015b\u0107 i idealne dopasowanie do podr\u00f3\u017cy.","og_url":"https:\/\/vannabed.com\/sk\/sklepproace\/?wmc-currency=EUR","og_site_name":"Vannabed","article_modified_time":"2025-11-01T12:06:35+00:00","og_image":[{"url":"https:\/\/vannabed.com\/wp-content\/uploads\/2025\/08\/proaceCitiVerso1.jpg","type":"","width":"","height":""}],"twitter_card":"summary_large_image","twitter_misc":{"Predpokladan\u00fd \u010das \u010d\u00edtania":"5 min\u00fat"},"schema":{"@context":"https:\/\/schema.org","@graph":[{"@type":"WebPage","@id":"https:\/\/vannabed.com\/pl_pl\/sklepproace\/","url":"https:\/\/vannabed.com\/pl_pl\/sklepproace\/","name":"Pr\u00edslu\u0161enstvo pre Toyotu Proace - Vannabed | R\u00e1my a matrace","isPartOf":{"@id":"https:\/\/vannabed.com\/#website"},"primaryImageOfPage":{"@id":"https:\/\/vannabed.com\/pl_pl\/sklepproace\/#primaryimage"},"image":{"@id":"https:\/\/vannabed.com\/pl_pl\/sklepproace\/#primaryimage"},"thumbnailUrl":"https:\/\/vannabed.com\/wp-content\/uploads\/2025\/08\/proaceCitiVerso1.jpg","datePublished":"2025-08-14T22:16:48+00:00","dateModified":"2025-11-01T12:06:35+00:00","description":"Pr\u00edslu\u0161enstvo pre Toyotu Proace - doplnok k r\u00e1mom a matracom Vannabed. Pohodlie, funk\u010dnos\u0165 a dokonal\u00e9 prisp\u00f4sobenie pre va\u0161u cestu.","breadcrumb":{"@id":"https:\/\/vannabed.com\/pl_pl\/sklepproace\/#breadcrumb"},"inLanguage":"sk-SK","potentialAction":[{"@type":"ReadAction","target":["https:\/\/vannabed.com\/pl_pl\/sklepproace\/"]}]},{"@type":"ImageObject","inLanguage":"sk-SK","@id":"https:\/\/vannabed.com\/pl_pl\/sklepproace\/#primaryimage","url":"https:\/\/vannabed.com\/wp-content\/uploads\/2025\/08\/proaceCitiVerso1.jpg","contentUrl":"https:\/\/vannabed.com\/wp-content\/uploads\/2025\/08\/proaceCitiVerso1.jpg"},{"@type":"BreadcrumbList","@id":"https:\/\/vannabed.com\/pl_pl\/sklepproace\/#breadcrumb","itemListElement":[{"@type":"ListItem","position":1,"name":"Strona g\u0142\u00f3wna","item":"https:\/\/vannabed.com\/"},{"@type":"ListItem","position":2,"name":"SklepProace"}]},{"@type":"WebSite","@id":"https:\/\/vannabed.com\/#website","url":"https:\/\/vannabed.com\/","name":"R\u00e1m na spanie, poste\u013e, z\u00e1klad\u0148a a syst\u00e9m pre aut\u00e1 a karavany","description":"ach \u00e1no","publisher":{"@id":"https:\/\/vannabed.com\/#organization"},"alternateName":"Stela\u017c do spania, \u0142\u00f3\u017cko, baza i system do Aut i Kamper\u00f3w","potentialAction":[{"@type":"SearchAction","target":{"@type":"EntryPoint","urlTemplate":"https:\/\/vannabed.com\/?s={search_term_string}"},"query-input":{"@type":"PropertyValueSpecification","valueRequired":true,"valueName":"search_term_string"}}],"inLanguage":"sk-SK"},{"@type":"Organization","@id":"https:\/\/vannabed.com\/#organization","name":"R\u00e1m na spanie, poste\u013e, z\u00e1klad\u0148a a syst\u00e9m pre aut\u00e1 a karavany","url":"https:\/\/vannabed.com\/","logo":{"@type":"ImageObject","inLanguage":"sk-SK","@id":"https:\/\/vannabed.com\/#\/schema\/logo\/image\/","url":"","contentUrl":"","caption":"Stela\u017c do spania, \u0142\u00f3\u017cko, baza i system do Aut i Kamper\u00f3w"},"image":{"@id":"https:\/\/vannabed.com\/#\/schema\/logo\/image\/"}}]}},"_links":{"self":[{"href":"https:\/\/vannabed.com\/sk\/wp-json\/wp\/v2\/pages\/2129","targetHints":{"allow":["GET"]}}],"collection":[{"href":"https:\/\/vannabed.com\/sk\/wp-json\/wp\/v2\/pages"}],"about":[{"href":"https:\/\/vannabed.com\/sk\/wp-json\/wp\/v2\/types\/page"}],"author":[{"embeddable":true,"href":"https:\/\/vannabed.com\/sk\/wp-json\/wp\/v2\/users\/1"}],"replies":[{"embeddable":true,"href":"https:\/\/vannabed.com\/sk\/wp-json\/wp\/v2\/comments?post=2129"}],"version-history":[{"count":0,"href":"https:\/\/vannabed.com\/sk\/wp-json\/wp\/v2\/pages\/2129\/revisions"}],"wp:attachment":[{"href":"https:\/\/vannabed.com\/sk\/wp-json\/wp\/v2\/media?parent=2129"}],"wp:term":[{"taxonomy":"folder","embeddable":true,"href":"https:\/\/vannabed.com\/sk\/wp-json\/wp\/v2\/folder?post=2129"}],"curies":[{"name":"wp","href":"https:\/\/api.w.org\/{rel}","templated":true}]}}