{"id":4593,"date":"2025-11-07T22:25:17","date_gmt":"2025-11-07T21:25:17","guid":{"rendered":"https:\/\/vannabed.com\/?post_type=product&#038;p=4593"},"modified":"2026-04-14T16:39:19","modified_gmt":"2026-04-14T14:39:19","slug":"car-mattress-140cm-x-195cm","status":"publish","type":"product","link":"https:\/\/vannabed.com\/en\/product\/car-mattress-140cm-x-195cm\/","title":{"rendered":"Car mattress 140 cm x 195 cm"},"content":{"rendered":"<p><strong data-start=\"307\" data-end=\"353\">Folding mattress VANNABED 140 \u00d7 200 \u00d7 8 cm<\/strong>\u00a0is the ideal solution for people who want to sleep comfortably like at home when travelling. Fitted to the interior of the vehicle, the mattress works with the VANNABED frame to create a full-size, comfortable bed for two adults.<\/p>\n<div class=\"elementor-element elementor-element-a79bb2e e-con-full e-flex e-con e-child\" data-particle_enable=\"false\" data-particle-mobile-disabled=\"false\" data-id=\"a79bb2e\" data-element_type=\"container\">\n<div class=\"elementor-element elementor-element-9991967 animated-slow elementor-widget elementor-widget-text-editor\" data-id=\"9991967\" data-element_type=\"widget\" data-settings=\"{&quot;_animation&quot;:&quot;none&quot;}\" data-widget_type=\"text-editor.default\">\n<div class=\"elementor-widget-container\">\n<p>It is a proven material for comfort and durability. The mattress is medium-firm - it gives good support and does not collapse, while providing just the right softness to rest easy after an active day.<\/p>\n<p>The cover combines aesthetics with practicality. The material not only looks great, but is also resistant to abrasion. It is perfect for camping - even when children or pets are present.<\/p>\n<\/div>\n<\/div>\n<\/div>","protected":false},"excerpt":{"rendered":"<p data-start=\"118\" data-end=\"206\">Car mattress and lightweight bed with frame. Turn your minibus or van into a comfortable bedroom: quick assembly, fits popular models, sleep comfort and mobility.<\/p>","protected":false},"featured_media":2997,"comment_status":"open","ping_status":"closed","template":"","meta":{"_acf_changed":false},"product_brand":[],"product_cat":[27],"product_tag":[],"class_list":{"0":"post-4593","1":"product","2":"type-product","3":"status-publish","4":"has-post-thumbnail","6":"product_cat-materace","7":"product_shipping_class-lekkie-duze","9":"first","10":"instock","11":"shipping-taxable","12":"purchasable","13":"product-type-simple"},"acf":[],"yoast_head":"<!-- This site is optimized with the Yoast SEO plugin v27.4 - https:\/\/yoast.com\/product\/yoast-seo-wordpress\/ -->\n<title>Stela\u017c do spania Materac do samoch\u00f3d \u2013 \u0142\u00f3\u017cko, system i baza.<\/title>\n<meta name=\"description\" content=\"Materac do samochodu \u2013 oraz lekkie \u0142\u00f3\u017cko ze stela\u017cem. Zmie\u0144 busa lub vana w wygodn\u0105 sypialni\u0119: szybki monta\u017c, dopasowanie do popularnych modeli.\" \/>\n<meta name=\"robots\" content=\"index, follow, max-snippet:-1, max-image-preview:large, max-video-preview:-1\" \/>\n<link rel=\"canonical\" href=\"https:\/\/vannabed.com\/en\/product\/car-mattress-140cm-x-195cm\/?wmc-currency=EUR\" \/>\n<meta property=\"og:locale\" content=\"en_GB\" \/>\n<meta property=\"og:type\" content=\"article\" \/>\n<meta property=\"og:title\" content=\"Stela\u017c do spania Materac do samoch\u00f3d \u2013 \u0142\u00f3\u017cko, system i baza.\" \/>\n<meta property=\"og:description\" content=\"Materac do samochodu \u2013 oraz lekkie \u0142\u00f3\u017cko ze stela\u017cem. Zmie\u0144 busa lub vana w wygodn\u0105 sypialni\u0119: szybki monta\u017c, dopasowanie do popularnych modeli.\" \/>\n<meta property=\"og:url\" content=\"https:\/\/vannabed.com\/en\/product\/car-mattress-140cm-x-195cm\/?wmc-currency=EUR\" \/>\n<meta property=\"og:site_name\" content=\"Vannabed\" \/>\n<meta property=\"article:modified_time\" content=\"2026-04-14T14:39:19+00:00\" \/>\n<meta property=\"og:image\" content=\"https:\/\/vannabed.com\/wp-content\/uploads\/2025\/10\/Materac-spanie-w-aucie.png\" \/>\n\t<meta property=\"og:image:width\" content=\"791\" \/>\n\t<meta property=\"og:image:height\" content=\"502\" \/>\n\t<meta property=\"og:image:type\" content=\"image\/png\" \/>\n<meta name=\"twitter:card\" content=\"summary_large_image\" \/>\n<meta name=\"twitter:label1\" content=\"Estimated reading time\" \/>\n\t<meta name=\"twitter:data1\" content=\"1 minute\" \/>\n<script type=\"application\/ld+json\" class=\"yoast-schema-graph\">{\"@context\":\"https:\\\/\\\/schema.org\",\"@graph\":[{\"@type\":\"WebPage\",\"@id\":\"https:\\\/\\\/vannabed.com\\\/produkt\\\/materac-do-samochodu-140cm-x-195cm\\\/\",\"url\":\"https:\\\/\\\/vannabed.com\\\/produkt\\\/materac-do-samochodu-140cm-x-195cm\\\/\",\"name\":\"Stela\u017c do spania Materac do samoch\u00f3d \u2013 \u0142\u00f3\u017cko, system i baza.\",\"isPartOf\":{\"@id\":\"https:\\\/\\\/vannabed.com\\\/#website\"},\"primaryImageOfPage\":{\"@id\":\"https:\\\/\\\/vannabed.com\\\/produkt\\\/materac-do-samochodu-140cm-x-195cm\\\/#primaryimage\"},\"image\":{\"@id\":\"https:\\\/\\\/vannabed.com\\\/produkt\\\/materac-do-samochodu-140cm-x-195cm\\\/#primaryimage\"},\"thumbnailUrl\":\"https:\\\/\\\/vannabed.com\\\/wp-content\\\/uploads\\\/2025\\\/10\\\/Materac-spanie-w-aucie.png\",\"datePublished\":\"2025-11-07T21:25:17+00:00\",\"dateModified\":\"2026-04-14T14:39:19+00:00\",\"description\":\"Materac do samochodu \u2013 oraz lekkie \u0142\u00f3\u017cko ze stela\u017cem. Zmie\u0144 busa lub vana w wygodn\u0105 sypialni\u0119: szybki monta\u017c, dopasowanie do popularnych modeli.\",\"breadcrumb\":{\"@id\":\"https:\\\/\\\/vannabed.com\\\/produkt\\\/materac-do-samochodu-140cm-x-195cm\\\/#breadcrumb\"},\"inLanguage\":\"en-GB\",\"potentialAction\":[{\"@type\":\"ReadAction\",\"target\":[\"https:\\\/\\\/vannabed.com\\\/produkt\\\/materac-do-samochodu-140cm-x-195cm\\\/\"]}]},{\"@type\":\"ImageObject\",\"inLanguage\":\"en-GB\",\"@id\":\"https:\\\/\\\/vannabed.com\\\/produkt\\\/materac-do-samochodu-140cm-x-195cm\\\/#primaryimage\",\"url\":\"https:\\\/\\\/vannabed.com\\\/wp-content\\\/uploads\\\/2025\\\/10\\\/Materac-spanie-w-aucie.png\",\"contentUrl\":\"https:\\\/\\\/vannabed.com\\\/wp-content\\\/uploads\\\/2025\\\/10\\\/Materac-spanie-w-aucie.png\",\"width\":791,\"height\":502},{\"@type\":\"BreadcrumbList\",\"@id\":\"https:\\\/\\\/vannabed.com\\\/produkt\\\/materac-do-samochodu-140cm-x-195cm\\\/#breadcrumb\",\"itemListElement\":[{\"@type\":\"ListItem\",\"position\":1,\"name\":\"Strona g\u0142\u00f3wna\",\"item\":\"https:\\\/\\\/vannabed.com\\\/\"},{\"@type\":\"ListItem\",\"position\":2,\"name\":\"Produkty\",\"item\":\"https:\\\/\\\/vannabed.com\\\/sklep__trashed\\\/\"},{\"@type\":\"ListItem\",\"position\":3,\"name\":\"Materac do samochodu 140 cm x 195 cm\"}]},{\"@type\":\"WebSite\",\"@id\":\"https:\\\/\\\/vannabed.com\\\/#website\",\"url\":\"https:\\\/\\\/vannabed.com\\\/\",\"name\":\"Stela\u017c do spania, \u0142\u00f3\u017cko, baza i system do Aut i Kamper\u00f3w\",\"description\":\"o yeah\",\"publisher\":{\"@id\":\"https:\\\/\\\/vannabed.com\\\/#organization\"},\"alternateName\":\"Stela\u017c do spania, \u0142\u00f3\u017cko, baza i system do Aut i Kamper\u00f3w\",\"potentialAction\":[{\"@type\":\"SearchAction\",\"target\":{\"@type\":\"EntryPoint\",\"urlTemplate\":\"https:\\\/\\\/vannabed.com\\\/?s={search_term_string}\"},\"query-input\":{\"@type\":\"PropertyValueSpecification\",\"valueRequired\":true,\"valueName\":\"search_term_string\"}}],\"inLanguage\":\"en-GB\"},{\"@type\":\"Organization\",\"@id\":\"https:\\\/\\\/vannabed.com\\\/#organization\",\"name\":\"Stela\u017c do spania, \u0142\u00f3\u017cko, baza i system do Aut i Kamper\u00f3w\",\"url\":\"https:\\\/\\\/vannabed.com\\\/\",\"logo\":{\"@type\":\"ImageObject\",\"inLanguage\":\"en-GB\",\"@id\":\"https:\\\/\\\/vannabed.com\\\/#\\\/schema\\\/logo\\\/image\\\/\",\"url\":\"\",\"contentUrl\":\"\",\"caption\":\"Stela\u017c do spania, \u0142\u00f3\u017cko, baza i system do Aut i Kamper\u00f3w\"},\"image\":{\"@id\":\"https:\\\/\\\/vannabed.com\\\/#\\\/schema\\\/logo\\\/image\\\/\"}}]}<\/script>\n<!-- \/ Yoast SEO plugin. -->","yoast_head_json":{"title":"Sleeping frame Mattress for car - bed, system and base.","description":"Mattress for the car - and a lightweight bed with frame. Turn a bus or van into a comfortable bedroom: quick assembly, fits popular models.","robots":{"index":"index","follow":"follow","max-snippet":"max-snippet:-1","max-image-preview":"max-image-preview:large","max-video-preview":"max-video-preview:-1"},"canonical":"https:\/\/vannabed.com\/en\/product\/car-mattress-140cm-x-195cm\/?wmc-currency=EUR","og_locale":"en_GB","og_type":"article","og_title":"Stela\u017c do spania Materac do samoch\u00f3d \u2013 \u0142\u00f3\u017cko, system i baza.","og_description":"Materac do samochodu \u2013 oraz lekkie \u0142\u00f3\u017cko ze stela\u017cem. Zmie\u0144 busa lub vana w wygodn\u0105 sypialni\u0119: szybki monta\u017c, dopasowanie do popularnych modeli.","og_url":"https:\/\/vannabed.com\/en\/product\/car-mattress-140cm-x-195cm\/?wmc-currency=EUR","og_site_name":"Vannabed","article_modified_time":"2026-04-14T14:39:19+00:00","og_image":[{"width":791,"height":502,"url":"https:\/\/vannabed.com\/wp-content\/uploads\/2025\/10\/Materac-spanie-w-aucie.png","type":"image\/png"}],"twitter_card":"summary_large_image","twitter_misc":{"Estimated reading time":"1 minute"},"schema":{"@context":"https:\/\/schema.org","@graph":[{"@type":"WebPage","@id":"https:\/\/vannabed.com\/produkt\/materac-do-samochodu-140cm-x-195cm\/","url":"https:\/\/vannabed.com\/produkt\/materac-do-samochodu-140cm-x-195cm\/","name":"Sleeping frame Mattress for car - bed, system and base.","isPartOf":{"@id":"https:\/\/vannabed.com\/#website"},"primaryImageOfPage":{"@id":"https:\/\/vannabed.com\/produkt\/materac-do-samochodu-140cm-x-195cm\/#primaryimage"},"image":{"@id":"https:\/\/vannabed.com\/produkt\/materac-do-samochodu-140cm-x-195cm\/#primaryimage"},"thumbnailUrl":"https:\/\/vannabed.com\/wp-content\/uploads\/2025\/10\/Materac-spanie-w-aucie.png","datePublished":"2025-11-07T21:25:17+00:00","dateModified":"2026-04-14T14:39:19+00:00","description":"Mattress for the car - and a lightweight bed with frame. Turn a bus or van into a comfortable bedroom: quick assembly, fits popular models.","breadcrumb":{"@id":"https:\/\/vannabed.com\/produkt\/materac-do-samochodu-140cm-x-195cm\/#breadcrumb"},"inLanguage":"en-GB","potentialAction":[{"@type":"ReadAction","target":["https:\/\/vannabed.com\/produkt\/materac-do-samochodu-140cm-x-195cm\/"]}]},{"@type":"ImageObject","inLanguage":"en-GB","@id":"https:\/\/vannabed.com\/produkt\/materac-do-samochodu-140cm-x-195cm\/#primaryimage","url":"https:\/\/vannabed.com\/wp-content\/uploads\/2025\/10\/Materac-spanie-w-aucie.png","contentUrl":"https:\/\/vannabed.com\/wp-content\/uploads\/2025\/10\/Materac-spanie-w-aucie.png","width":791,"height":502},{"@type":"BreadcrumbList","@id":"https:\/\/vannabed.com\/produkt\/materac-do-samochodu-140cm-x-195cm\/#breadcrumb","itemListElement":[{"@type":"ListItem","position":1,"name":"Strona g\u0142\u00f3wna","item":"https:\/\/vannabed.com\/"},{"@type":"ListItem","position":2,"name":"Produkty","item":"https:\/\/vannabed.com\/sklep__trashed\/"},{"@type":"ListItem","position":3,"name":"Materac do samochodu 140 cm x 195 cm"}]},{"@type":"WebSite","@id":"https:\/\/vannabed.com\/#website","url":"https:\/\/vannabed.com\/","name":"Sleeping frame, bed, base and system for Cars and Campers","description":"oh yeah","publisher":{"@id":"https:\/\/vannabed.com\/#organization"},"alternateName":"Stela\u017c do spania, \u0142\u00f3\u017cko, baza i system do Aut i Kamper\u00f3w","potentialAction":[{"@type":"SearchAction","target":{"@type":"EntryPoint","urlTemplate":"https:\/\/vannabed.com\/?s={search_term_string}"},"query-input":{"@type":"PropertyValueSpecification","valueRequired":true,"valueName":"search_term_string"}}],"inLanguage":"en-GB"},{"@type":"Organization","@id":"https:\/\/vannabed.com\/#organization","name":"Sleeping frame, bed, base and system for Cars and Campers","url":"https:\/\/vannabed.com\/","logo":{"@type":"ImageObject","inLanguage":"en-GB","@id":"https:\/\/vannabed.com\/#\/schema\/logo\/image\/","url":"","contentUrl":"","caption":"Stela\u017c do spania, \u0142\u00f3\u017cko, baza i system do Aut i Kamper\u00f3w"},"image":{"@id":"https:\/\/vannabed.com\/#\/schema\/logo\/image\/"}}]}},"_links":{"self":[{"href":"https:\/\/vannabed.com\/en\/wp-json\/wp\/v2\/product\/4593","targetHints":{"allow":["GET"]}}],"collection":[{"href":"https:\/\/vannabed.com\/en\/wp-json\/wp\/v2\/product"}],"about":[{"href":"https:\/\/vannabed.com\/en\/wp-json\/wp\/v2\/types\/product"}],"replies":[{"embeddable":true,"href":"https:\/\/vannabed.com\/en\/wp-json\/wp\/v2\/comments?post=4593"}],"version-history":[{"count":6,"href":"https:\/\/vannabed.com\/en\/wp-json\/wp\/v2\/product\/4593\/revisions"}],"predecessor-version":[{"id":6004,"href":"https:\/\/vannabed.com\/en\/wp-json\/wp\/v2\/product\/4593\/revisions\/6004"}],"wp:featuredmedia":[{"embeddable":true,"href":"https:\/\/vannabed.com\/en\/wp-json\/wp\/v2\/media\/2997"}],"wp:attachment":[{"href":"https:\/\/vannabed.com\/en\/wp-json\/wp\/v2\/media?parent=4593"}],"wp:term":[{"taxonomy":"product_brand","embeddable":true,"href":"https:\/\/vannabed.com\/en\/wp-json\/wp\/v2\/product_brand?post=4593"},{"taxonomy":"product_cat","embeddable":true,"href":"https:\/\/vannabed.com\/en\/wp-json\/wp\/v2\/product_cat?post=4593"},{"taxonomy":"product_tag","embeddable":true,"href":"https:\/\/vannabed.com\/en\/wp-json\/wp\/v2\/product_tag?post=4593"}],"curies":[{"name":"wp","href":"https:\/\/api.w.org\/{rel}","templated":true}]}}