{"id":4633,"date":"2025-11-07T22:58:04","date_gmt":"2025-11-07T21:58:04","guid":{"rendered":"https:\/\/vannabed.com\/?post_type=product&#038;p=4633"},"modified":"2026-04-14T17:17:13","modified_gmt":"2026-04-14T15:17:13","slug":"auto-matratze-toyota-proace-verso-peugeot-traveller-opel-zafira-citroen-spacetourer","status":"publish","type":"product","link":"https:\/\/vannabed.com\/de_at\/product\/auto-matratze-toyota-proace-verso-peugeot-traveller-opel-zafira-citroen-spacetourer\/","title":{"rendered":"Fahrzeugmatratze f\u00fcr Toyota Proace Verso \/ Peugeot Traveller \/ Opel Zafira \/ Citroen Spacetourer"},"content":{"rendered":"<p><strong data-start=\"307\" data-end=\"353\">Klappbare Matratze VANNABED 140 \u00d7 200 \u00d7 8 cm<\/strong>\u00a0ist die ideale L\u00f6sung f\u00fcr Menschen, die auf Reisen bequem wie zu Hause schlafen wollen. Die Matratze wird im Innenraum des Fahrzeugs angebracht und bildet zusammen mit dem VANNABED-Rahmen ein vollwertiges, bequemes Bett f\u00fcr zwei Erwachsene.<\/p>\n<div class=\"elementor-element elementor-element-a79bb2e e-con-full e-flex e-con e-child\" data-particle_enable=\"false\" data-particle-mobile-disabled=\"false\" data-id=\"a79bb2e\" data-element_type=\"container\">\n<div class=\"elementor-element elementor-element-9991967 animated-slow elementor-widget elementor-widget-text-editor\" data-id=\"9991967\" data-element_type=\"widget\" data-settings=\"{&quot;_animation&quot;:&quot;none&quot;}\" data-widget_type=\"text-editor.default\">\n<div class=\"elementor-widget-container\">\n<p>Es ist ein bew\u00e4hrtes Material f\u00fcr Komfort und Haltbarkeit. Die Matratze ist mittelfest - sie gibt guten Halt und f\u00e4llt nicht zusammen, bietet aber genau die richtige Weichheit, um nach einem aktiven Tag gut zu ruhen.<\/p>\n<p>Die Abdeckung verbindet \u00c4sthetik mit Praktikabilit\u00e4t. Das Material sieht nicht nur gut aus, sondern ist auch abriebfest. Sie ist perfekt f\u00fcr das Camping geeignet - auch wenn Kinder oder Haustiere anwesend sind.<\/p>\n<p><strong data-start=\"462\" data-end=\"521\">VANNABED Klappmatratze 140 \u00d7 190 \u00d7 8 cm mit Ausschnitten<\/strong>\u00a0wurde speziell f\u00fcr den Toyota Proace Verso, Peugeot Traveller, Citroen Spacetourer und Opel Zafira Life entwickelt.<br \/>\nDank seiner pr\u00e4zisen Aussparungen f\u00fcgt er sich perfekt in den Innenraum des Fahrzeugs ein und garantiert so Komfort und Funktionalit\u00e4t.<\/p>\n<p data-pm-slice=\"0 0 []\"><strong>Komfort und Qualit\u00e4t<\/strong><\/p>\n<p>Die Matratze besteht aus drei Teilen, wodurch sie sich leicht zusammenfalten, aufbewahren und an verschiedene Innenraumkonfigurationen anpassen l\u00e4sst. Sie ist aus hochwertigem Schaumstoff gefertigt und bietet unter allen Bedingungen eine angemessene K\u00f6rperunterst\u00fctzung und einen komfortablen Schlaf. Sie passt perfekt zum VANNABED-Rahmen f\u00fcr den Toyota Proace Verso. Der Kern der Matratze besteht aus dichtem Polyurethanschaum, der die Wirbels\u00e4ule optimal st\u00fctzt und in jeder Position f\u00fcr W\u00e4rmekomfort sorgt.<\/p>\n<\/div>\n<\/div>\n<\/div>","protected":false},"excerpt":{"rendered":"<p data-start=\"118\" data-end=\"206\">Auto-Matratze und leichtes Bett mit Rahmen. Verwandeln Sie Ihren Kleinbus oder Van in ein komfortables Schlafzimmer: schnelle Montage, passend f\u00fcr g\u00e4ngige Modelle, Schlafkomfort und Mobilit\u00e4t.<br \/>\nFahrzeugmatratze f\u00fcr Toyota Proace Verso \/ Peugeot Traveller \/ Opel Zafira \/ Citroen Spacetourer<\/p>","protected":false},"featured_media":2998,"comment_status":"open","ping_status":"closed","template":"","meta":{"_acf_changed":false},"product_brand":[],"product_cat":[75,27,74,76,70],"product_tag":[],"class_list":{"0":"post-4633","1":"product","2":"type-product","3":"status-publish","4":"has-post-thumbnail","6":"product_cat-citroen","7":"product_cat-materace","8":"product_cat-opel","9":"product_cat-peugeot","10":"product_cat-toyota","11":"product_shipping_class-lekkie-duze","13":"first","14":"instock","15":"shipping-taxable","16":"purchasable","17":"product-type-simple"},"acf":[],"yoast_head":"<!-- This site is optimized with the Yoast SEO plugin v27.4 - https:\/\/yoast.com\/product\/yoast-seo-wordpress\/ -->\n<title>Materac do samochodu Toyota Proace Verso<\/title>\n<meta name=\"description\" content=\"Materac do samochodu Toyota Proace Verso\/ Peugeot Traveller \/Opel Zafira \/Citroen Spacetourer. \u0142\u00f3\u017cko do auta, kapmper box\" \/>\n<meta name=\"robots\" content=\"index, follow, max-snippet:-1, max-image-preview:large, max-video-preview:-1\" \/>\n<link rel=\"canonical\" href=\"https:\/\/vannabed.com\/de_at\/product\/auto-matratze-toyota-proace-verso-peugeot-traveller-opel-zafira-citroen-spacetourer\/?wmc-currency=EUR\" \/>\n<meta property=\"og:locale\" content=\"de_DE\" \/>\n<meta property=\"og:type\" content=\"article\" \/>\n<meta property=\"og:title\" content=\"Materac do samochodu Toyota Proace Verso\" \/>\n<meta property=\"og:description\" content=\"Materac do samochodu Toyota Proace Verso\/ Peugeot Traveller \/Opel Zafira \/Citroen Spacetourer. \u0142\u00f3\u017cko do auta, kapmper box\" \/>\n<meta property=\"og:url\" content=\"https:\/\/vannabed.com\/de_at\/product\/auto-matratze-toyota-proace-verso-peugeot-traveller-opel-zafira-citroen-spacetourer\/?wmc-currency=EUR\" \/>\n<meta property=\"og:site_name\" content=\"Vannabed\" \/>\n<meta property=\"article:modified_time\" content=\"2026-04-14T15:17:13+00:00\" \/>\n<meta property=\"og:image\" content=\"https:\/\/vannabed.com\/wp-content\/uploads\/2025\/10\/materac-ToyotaProAce-Verso.png\" \/>\n\t<meta property=\"og:image:width\" content=\"1200\" \/>\n\t<meta property=\"og:image:height\" content=\"1198\" \/>\n\t<meta property=\"og:image:type\" content=\"image\/png\" \/>\n<meta name=\"twitter:card\" content=\"summary_large_image\" \/>\n<meta name=\"twitter:label1\" content=\"Gesch\u00e4tzte Lesezeit\" \/>\n\t<meta name=\"twitter:data1\" content=\"2 Minuten\" \/>\n<script type=\"application\/ld+json\" class=\"yoast-schema-graph\">{\"@context\":\"https:\\\/\\\/schema.org\",\"@graph\":[{\"@type\":\"WebPage\",\"@id\":\"https:\\\/\\\/vannabed.com\\\/produkt\\\/materac-do-samochodu-toyota-proace-verso-peugeot-traveller-opel-zafira-citroen-spacetourer\\\/\",\"url\":\"https:\\\/\\\/vannabed.com\\\/produkt\\\/materac-do-samochodu-toyota-proace-verso-peugeot-traveller-opel-zafira-citroen-spacetourer\\\/\",\"name\":\"Materac do samochodu Toyota Proace Verso\",\"isPartOf\":{\"@id\":\"https:\\\/\\\/vannabed.com\\\/#website\"},\"primaryImageOfPage\":{\"@id\":\"https:\\\/\\\/vannabed.com\\\/produkt\\\/materac-do-samochodu-toyota-proace-verso-peugeot-traveller-opel-zafira-citroen-spacetourer\\\/#primaryimage\"},\"image\":{\"@id\":\"https:\\\/\\\/vannabed.com\\\/produkt\\\/materac-do-samochodu-toyota-proace-verso-peugeot-traveller-opel-zafira-citroen-spacetourer\\\/#primaryimage\"},\"thumbnailUrl\":\"https:\\\/\\\/vannabed.com\\\/wp-content\\\/uploads\\\/2025\\\/10\\\/materac-ToyotaProAce-Verso.png\",\"datePublished\":\"2025-11-07T21:58:04+00:00\",\"dateModified\":\"2026-04-14T15:17:13+00:00\",\"description\":\"Materac do samochodu Toyota Proace Verso\\\/ Peugeot Traveller \\\/Opel Zafira \\\/Citroen Spacetourer. \u0142\u00f3\u017cko do auta, kapmper box\",\"breadcrumb\":{\"@id\":\"https:\\\/\\\/vannabed.com\\\/produkt\\\/materac-do-samochodu-toyota-proace-verso-peugeot-traveller-opel-zafira-citroen-spacetourer\\\/#breadcrumb\"},\"inLanguage\":\"de-AT\",\"potentialAction\":[{\"@type\":\"ReadAction\",\"target\":[\"https:\\\/\\\/vannabed.com\\\/produkt\\\/materac-do-samochodu-toyota-proace-verso-peugeot-traveller-opel-zafira-citroen-spacetourer\\\/\"]}]},{\"@type\":\"ImageObject\",\"inLanguage\":\"de-AT\",\"@id\":\"https:\\\/\\\/vannabed.com\\\/produkt\\\/materac-do-samochodu-toyota-proace-verso-peugeot-traveller-opel-zafira-citroen-spacetourer\\\/#primaryimage\",\"url\":\"https:\\\/\\\/vannabed.com\\\/wp-content\\\/uploads\\\/2025\\\/10\\\/materac-ToyotaProAce-Verso.png\",\"contentUrl\":\"https:\\\/\\\/vannabed.com\\\/wp-content\\\/uploads\\\/2025\\\/10\\\/materac-ToyotaProAce-Verso.png\",\"width\":1200,\"height\":1198},{\"@type\":\"BreadcrumbList\",\"@id\":\"https:\\\/\\\/vannabed.com\\\/produkt\\\/materac-do-samochodu-toyota-proace-verso-peugeot-traveller-opel-zafira-citroen-spacetourer\\\/#breadcrumb\",\"itemListElement\":[{\"@type\":\"ListItem\",\"position\":1,\"name\":\"Strona g\u0142\u00f3wna\",\"item\":\"https:\\\/\\\/vannabed.com\\\/\"},{\"@type\":\"ListItem\",\"position\":2,\"name\":\"Produkty\",\"item\":\"https:\\\/\\\/vannabed.com\\\/sklep__trashed\\\/\"},{\"@type\":\"ListItem\",\"position\":3,\"name\":\"Materac do samochodu Toyota Proace Verso\\\/ Peugeot Traveller \\\/Opel Zafira \\\/Citroen Spacetourer\"}]},{\"@type\":\"WebSite\",\"@id\":\"https:\\\/\\\/vannabed.com\\\/#website\",\"url\":\"https:\\\/\\\/vannabed.com\\\/\",\"name\":\"Stela\u017c do spania, \u0142\u00f3\u017cko, baza i system do Aut i Kamper\u00f3w\",\"description\":\"o yeah\",\"publisher\":{\"@id\":\"https:\\\/\\\/vannabed.com\\\/#organization\"},\"alternateName\":\"Stela\u017c do spania, \u0142\u00f3\u017cko, baza i system do Aut i Kamper\u00f3w\",\"potentialAction\":[{\"@type\":\"SearchAction\",\"target\":{\"@type\":\"EntryPoint\",\"urlTemplate\":\"https:\\\/\\\/vannabed.com\\\/?s={search_term_string}\"},\"query-input\":{\"@type\":\"PropertyValueSpecification\",\"valueRequired\":true,\"valueName\":\"search_term_string\"}}],\"inLanguage\":\"de-AT\"},{\"@type\":\"Organization\",\"@id\":\"https:\\\/\\\/vannabed.com\\\/#organization\",\"name\":\"Stela\u017c do spania, \u0142\u00f3\u017cko, baza i system do Aut i Kamper\u00f3w\",\"url\":\"https:\\\/\\\/vannabed.com\\\/\",\"logo\":{\"@type\":\"ImageObject\",\"inLanguage\":\"de-AT\",\"@id\":\"https:\\\/\\\/vannabed.com\\\/#\\\/schema\\\/logo\\\/image\\\/\",\"url\":\"\",\"contentUrl\":\"\",\"caption\":\"Stela\u017c do spania, \u0142\u00f3\u017cko, baza i system do Aut i Kamper\u00f3w\"},\"image\":{\"@id\":\"https:\\\/\\\/vannabed.com\\\/#\\\/schema\\\/logo\\\/image\\\/\"}}]}<\/script>\n<!-- \/ Yoast SEO plugin. -->","yoast_head_json":{"title":"Toyota Proace Verso Auto-Matratze","description":"Auto-Matratze f\u00fcr Toyota Proace Verso\/ Peugeot Traveller \/Opel Zafira \/Citroen Spacetourer. Autobett, Kapmper Box","robots":{"index":"index","follow":"follow","max-snippet":"max-snippet:-1","max-image-preview":"max-image-preview:large","max-video-preview":"max-video-preview:-1"},"canonical":"https:\/\/vannabed.com\/de_at\/product\/auto-matratze-toyota-proace-verso-peugeot-traveller-opel-zafira-citroen-spacetourer\/?wmc-currency=EUR","og_locale":"de_DE","og_type":"article","og_title":"Materac do samochodu Toyota Proace Verso","og_description":"Materac do samochodu Toyota Proace Verso\/ Peugeot Traveller \/Opel Zafira \/Citroen Spacetourer. \u0142\u00f3\u017cko do auta, kapmper box","og_url":"https:\/\/vannabed.com\/de_at\/product\/auto-matratze-toyota-proace-verso-peugeot-traveller-opel-zafira-citroen-spacetourer\/?wmc-currency=EUR","og_site_name":"Vannabed","article_modified_time":"2026-04-14T15:17:13+00:00","og_image":[{"width":1200,"height":1198,"url":"https:\/\/vannabed.com\/wp-content\/uploads\/2025\/10\/materac-ToyotaProAce-Verso.png","type":"image\/png"}],"twitter_card":"summary_large_image","twitter_misc":{"Gesch\u00e4tzte Lesezeit":"2 Minuten"},"schema":{"@context":"https:\/\/schema.org","@graph":[{"@type":"WebPage","@id":"https:\/\/vannabed.com\/produkt\/materac-do-samochodu-toyota-proace-verso-peugeot-traveller-opel-zafira-citroen-spacetourer\/","url":"https:\/\/vannabed.com\/produkt\/materac-do-samochodu-toyota-proace-verso-peugeot-traveller-opel-zafira-citroen-spacetourer\/","name":"Toyota Proace Verso Auto-Matratze","isPartOf":{"@id":"https:\/\/vannabed.com\/#website"},"primaryImageOfPage":{"@id":"https:\/\/vannabed.com\/produkt\/materac-do-samochodu-toyota-proace-verso-peugeot-traveller-opel-zafira-citroen-spacetourer\/#primaryimage"},"image":{"@id":"https:\/\/vannabed.com\/produkt\/materac-do-samochodu-toyota-proace-verso-peugeot-traveller-opel-zafira-citroen-spacetourer\/#primaryimage"},"thumbnailUrl":"https:\/\/vannabed.com\/wp-content\/uploads\/2025\/10\/materac-ToyotaProAce-Verso.png","datePublished":"2025-11-07T21:58:04+00:00","dateModified":"2026-04-14T15:17:13+00:00","description":"Auto-Matratze f\u00fcr Toyota Proace Verso\/ Peugeot Traveller \/Opel Zafira \/Citroen Spacetourer. Autobett, Kapmper Box","breadcrumb":{"@id":"https:\/\/vannabed.com\/produkt\/materac-do-samochodu-toyota-proace-verso-peugeot-traveller-opel-zafira-citroen-spacetourer\/#breadcrumb"},"inLanguage":"de-AT","potentialAction":[{"@type":"ReadAction","target":["https:\/\/vannabed.com\/produkt\/materac-do-samochodu-toyota-proace-verso-peugeot-traveller-opel-zafira-citroen-spacetourer\/"]}]},{"@type":"ImageObject","inLanguage":"de-AT","@id":"https:\/\/vannabed.com\/produkt\/materac-do-samochodu-toyota-proace-verso-peugeot-traveller-opel-zafira-citroen-spacetourer\/#primaryimage","url":"https:\/\/vannabed.com\/wp-content\/uploads\/2025\/10\/materac-ToyotaProAce-Verso.png","contentUrl":"https:\/\/vannabed.com\/wp-content\/uploads\/2025\/10\/materac-ToyotaProAce-Verso.png","width":1200,"height":1198},{"@type":"BreadcrumbList","@id":"https:\/\/vannabed.com\/produkt\/materac-do-samochodu-toyota-proace-verso-peugeot-traveller-opel-zafira-citroen-spacetourer\/#breadcrumb","itemListElement":[{"@type":"ListItem","position":1,"name":"Strona g\u0142\u00f3wna","item":"https:\/\/vannabed.com\/"},{"@type":"ListItem","position":2,"name":"Produkty","item":"https:\/\/vannabed.com\/sklep__trashed\/"},{"@type":"ListItem","position":3,"name":"Materac do samochodu Toyota Proace Verso\/ Peugeot Traveller \/Opel Zafira \/Citroen Spacetourer"}]},{"@type":"WebSite","@id":"https:\/\/vannabed.com\/#website","url":"https:\/\/vannabed.com\/","name":"Schlafrahmen, Bett, Lattenrost und System f\u00fcr Autos und Wohnmobile","description":"Oh ja","publisher":{"@id":"https:\/\/vannabed.com\/#organization"},"alternateName":"Stela\u017c do spania, \u0142\u00f3\u017cko, baza i system do Aut i Kamper\u00f3w","potentialAction":[{"@type":"SearchAction","target":{"@type":"EntryPoint","urlTemplate":"https:\/\/vannabed.com\/?s={search_term_string}"},"query-input":{"@type":"PropertyValueSpecification","valueRequired":true,"valueName":"search_term_string"}}],"inLanguage":"de-AT"},{"@type":"Organization","@id":"https:\/\/vannabed.com\/#organization","name":"Schlafrahmen, Bett, Lattenrost und System f\u00fcr Autos und Wohnmobile","url":"https:\/\/vannabed.com\/","logo":{"@type":"ImageObject","inLanguage":"de-AT","@id":"https:\/\/vannabed.com\/#\/schema\/logo\/image\/","url":"","contentUrl":"","caption":"Stela\u017c do spania, \u0142\u00f3\u017cko, baza i system do Aut i Kamper\u00f3w"},"image":{"@id":"https:\/\/vannabed.com\/#\/schema\/logo\/image\/"}}]}},"_links":{"self":[{"href":"https:\/\/vannabed.com\/de_at\/wp-json\/wp\/v2\/product\/4633","targetHints":{"allow":["GET"]}}],"collection":[{"href":"https:\/\/vannabed.com\/de_at\/wp-json\/wp\/v2\/product"}],"about":[{"href":"https:\/\/vannabed.com\/de_at\/wp-json\/wp\/v2\/types\/product"}],"replies":[{"embeddable":true,"href":"https:\/\/vannabed.com\/de_at\/wp-json\/wp\/v2\/comments?post=4633"}],"version-history":[{"count":3,"href":"https:\/\/vannabed.com\/de_at\/wp-json\/wp\/v2\/product\/4633\/revisions"}],"predecessor-version":[{"id":5815,"href":"https:\/\/vannabed.com\/de_at\/wp-json\/wp\/v2\/product\/4633\/revisions\/5815"}],"wp:featuredmedia":[{"embeddable":true,"href":"https:\/\/vannabed.com\/de_at\/wp-json\/wp\/v2\/media\/2998"}],"wp:attachment":[{"href":"https:\/\/vannabed.com\/de_at\/wp-json\/wp\/v2\/media?parent=4633"}],"wp:term":[{"taxonomy":"product_brand","embeddable":true,"href":"https:\/\/vannabed.com\/de_at\/wp-json\/wp\/v2\/product_brand?post=4633"},{"taxonomy":"product_cat","embeddable":true,"href":"https:\/\/vannabed.com\/de_at\/wp-json\/wp\/v2\/product_cat?post=4633"},{"taxonomy":"product_tag","embeddable":true,"href":"https:\/\/vannabed.com\/de_at\/wp-json\/wp\/v2\/product_tag?post=4633"}],"curies":[{"name":"wp","href":"https:\/\/api.w.org\/{rel}","templated":true}]}}