{"id":5097,"date":"2025-11-22T22:40:04","date_gmt":"2025-11-22T21:40:04","guid":{"rendered":"https:\/\/vannabed.com\/?post_type=product&#038;p=5097"},"modified":"2026-04-10T12:01:02","modified_gmt":"2026-04-10T10:01:02","slug":"mrizka-pro-pripojeni-topeni-ke-stanu","status":"publish","type":"product","link":"https:\/\/vannabed.com\/cs\/produkt\/mrizka-pro-pripojeni-topeni-ke-stanu\/","title":{"rendered":"M\u0159\u00ed\u017eka pro p\u0159ipevn\u011bn\u00ed topen\u00ed ke stanu"},"content":{"rendered":"<div data-elementor-type=\"product-post\" data-elementor-id=\"5097\" class=\"elementor elementor-5097\" data-elementor-post-type=\"product\">\n\t\t\t\t<div data-particle_enable=\"false\" data-particle-mobile-disabled=\"false\" class=\"elementor-element elementor-element-0b8593a e-flex e-con-boxed e-con e-parent\" data-id=\"0b8593a\" data-element_type=\"container\" data-e-type=\"container\">\n\t\t\t\t\t<div class=\"e-con-inner\">\n\t\t<div data-particle_enable=\"false\" data-particle-mobile-disabled=\"false\" class=\"elementor-element elementor-element-08a352a e-con-full elementor-hidden-mobile_extra elementor-hidden-mobile e-flex e-con e-child\" data-id=\"08a352a\" data-element_type=\"container\" data-e-type=\"container\">\n\t\t\t\t<div class=\"elementor-element elementor-element-d50ef07 elementor-widget__width-initial yes elementor-widget elementor-widget-woocommerce-product-images\" data-id=\"d50ef07\" data-element_type=\"widget\" data-e-type=\"widget\" id=\"product-gallery-id\" data-widget_type=\"woocommerce-product-images.default\">\n\t\t\t\t<div class=\"elementor-widget-container\">\n\t\t\t\t\t<div id=\"wpgs-gallery\" class=\"wcgs-woocommerce-product-gallery wcgs-spswiper-before-init horizontal wcgs_preloader_normal\" style='min-width: 50%; overflow: hidden;' data-id=\"5097\"><div class=\"gallery-navigation-carousel-wrapper horizontal wcgs_preloader_normal\"><div thumbsslider=\"\" class=\"gallery-navigation-carousel spswiper horizontal wcgs_preloader_normal thumbnailnavigation-custom hover\"><div class=\"spswiper-wrapper\"><div class=\"wcgs-thumb spswiper-slide\"><img loading=\"lazy\" decoding=\"async\" alt=\"\" data-cap=\"\" src=\"https:\/\/vannabed.com\/wp-content\/uploads\/2025\/11\/Kratka-do-namiotu-dachowego-300x300.jpg\" data-image=\"https:\/\/vannabed.com\/wp-content\/uploads\/2025\/11\/Kratka-do-namiotu-dachowego.jpg\" data-type=\"\" width=\"300\" height=\"300\" data-no-translation=\"\" data-no-auto-translation=\"\" \/><\/div><div class=\"wcgs-thumb spswiper-slide\"><img loading=\"lazy\" decoding=\"async\" alt=\"\" data-cap=\"\" src=\"https:\/\/vannabed.com\/wp-content\/uploads\/2025\/11\/kratka-webasto-300x300.png\" data-image=\"https:\/\/vannabed.com\/wp-content\/uploads\/2025\/11\/kratka-webasto.png\" data-type=\"\" width=\"300\" height=\"300\" data-no-translation=\"\" data-no-auto-translation=\"\" \/><\/div><div class=\"wcgs-thumb spswiper-slide\"><img loading=\"lazy\" decoding=\"async\" alt=\"\" data-cap=\"\" src=\"https:\/\/vannabed.com\/wp-content\/uploads\/2025\/11\/ogrzewanie-namiotu-300x300.jpg\" data-image=\"https:\/\/vannabed.com\/wp-content\/uploads\/2025\/11\/ogrzewanie-namiotu.jpg\" data-type=\"\" width=\"300\" height=\"300\" data-no-translation=\"\" data-no-auto-translation=\"\" \/><\/div><\/div><div class=\"wcgs-spswiper-button-next wcgs-spswiper-arrow\"><\/div><div class=\"wcgs-spswiper-button-prev wcgs-spswiper-arrow\"><\/div><\/div><div class=\"wcgs-border-bottom\"><\/div><\/div><div class=\"wcgs-carousel horizontal wcgs_preloader_normal spswiper\"><div class=\"spswiper-wrapper\"><div class=\"spswiper-slide\"><div class=\"wcgs-slider-image\"><a class=\"wcgs-slider-lightbox\" data-fancybox=\"view\" href=\"https:\/\/vannabed.com\/wp-content\/uploads\/2025\/11\/Kratka-do-namiotu-dachowego.jpg\" aria-label=\"lightbox\" data-caption=\"\"><\/a><img fetchpriority=\"high\" decoding=\"async\" class=\"wcgs-slider-image-tag\" loading=\"eager\" alt=\"\" data-cap=\"\" src=\"https:\/\/vannabed.com\/wp-content\/uploads\/2025\/11\/Kratka-do-namiotu-dachowego.jpg\" data-image=\"https:\/\/vannabed.com\/wp-content\/uploads\/2025\/11\/Kratka-do-namiotu-dachowego.jpg\" width=\"1000\" height=\"1000\" srcset=\"https:\/\/vannabed.com\/wp-content\/uploads\/2025\/11\/Kratka-do-namiotu-dachowego.jpg 1000w, https:\/\/vannabed.com\/wp-content\/uploads\/2025\/11\/Kratka-do-namiotu-dachowego-300x300.jpg 300w, https:\/\/vannabed.com\/wp-content\/uploads\/2025\/11\/Kratka-do-namiotu-dachowego-150x150.jpg 150w, https:\/\/vannabed.com\/wp-content\/uploads\/2025\/11\/Kratka-do-namiotu-dachowego-768x768.jpg 768w, https:\/\/vannabed.com\/wp-content\/uploads\/2025\/11\/Kratka-do-namiotu-dachowego-12x12.jpg 12w, https:\/\/vannabed.com\/wp-content\/uploads\/2025\/11\/Kratka-do-namiotu-dachowego-600x600.jpg 600w, https:\/\/vannabed.com\/wp-content\/uploads\/2025\/11\/Kratka-do-namiotu-dachowego-100x100.jpg 100w\" sizes=\"(max-width: 1000px) 100vw, 1000px\" data-no-translation=\"\" data-no-auto-translation=\"\" \/><\/div><\/div><div class=\"spswiper-slide\"><div class=\"wcgs-slider-image\"><a class=\"wcgs-slider-lightbox\" data-fancybox=\"view\" href=\"https:\/\/vannabed.com\/wp-content\/uploads\/2025\/11\/kratka-webasto.png\" aria-label=\"lightbox\" data-caption=\"\"><\/a><img loading=\"lazy\" decoding=\"async\" class=\"wcgs-slider-image-tag\" alt=\"\" data-cap=\"\" src=\"https:\/\/vannabed.com\/wp-content\/uploads\/2025\/11\/kratka-webasto.png\" data-image=\"https:\/\/vannabed.com\/wp-content\/uploads\/2025\/11\/kratka-webasto.png\" width=\"548\" height=\"548\" srcset=\"https:\/\/vannabed.com\/wp-content\/uploads\/2025\/11\/kratka-webasto.png 548w, https:\/\/vannabed.com\/wp-content\/uploads\/2025\/11\/kratka-webasto-300x300.png 300w, https:\/\/vannabed.com\/wp-content\/uploads\/2025\/11\/kratka-webasto-150x150.png 150w, https:\/\/vannabed.com\/wp-content\/uploads\/2025\/11\/kratka-webasto-12x12.png 12w, https:\/\/vannabed.com\/wp-content\/uploads\/2025\/11\/kratka-webasto-100x100.png 100w\" sizes=\"auto, (max-width: 548px) 100vw, 548px\" data-no-translation=\"\" data-no-auto-translation=\"\" \/><\/div><\/div><div class=\"spswiper-slide\"><div class=\"wcgs-slider-image\"><a class=\"wcgs-slider-lightbox\" data-fancybox=\"view\" href=\"https:\/\/vannabed.com\/wp-content\/uploads\/2025\/11\/ogrzewanie-namiotu.jpg\" aria-label=\"lightbox\" data-caption=\"\"><\/a><img loading=\"lazy\" decoding=\"async\" class=\"wcgs-slider-image-tag\" alt=\"\" data-cap=\"\" src=\"https:\/\/vannabed.com\/wp-content\/uploads\/2025\/11\/ogrzewanie-namiotu.jpg\" data-image=\"https:\/\/vannabed.com\/wp-content\/uploads\/2025\/11\/ogrzewanie-namiotu.jpg\" width=\"858\" height=\"858\" srcset=\"https:\/\/vannabed.com\/wp-content\/uploads\/2025\/11\/ogrzewanie-namiotu.jpg 858w, https:\/\/vannabed.com\/wp-content\/uploads\/2025\/11\/ogrzewanie-namiotu-300x300.jpg 300w, https:\/\/vannabed.com\/wp-content\/uploads\/2025\/11\/ogrzewanie-namiotu-150x150.jpg 150w, https:\/\/vannabed.com\/wp-content\/uploads\/2025\/11\/ogrzewanie-namiotu-768x768.jpg 768w, https:\/\/vannabed.com\/wp-content\/uploads\/2025\/11\/ogrzewanie-namiotu-12x12.jpg 12w, https:\/\/vannabed.com\/wp-content\/uploads\/2025\/11\/ogrzewanie-namiotu-600x600.jpg 600w, https:\/\/vannabed.com\/wp-content\/uploads\/2025\/11\/ogrzewanie-namiotu-100x100.jpg 100w\" sizes=\"auto, (max-width: 858px) 100vw, 858px\" data-no-translation=\"\" data-no-auto-translation=\"\" \/><\/div><\/div><\/div><div class=\"spswiper-pagination\"><\/div><div class=\"wcgs-spswiper-button-next wcgs-spswiper-arrow\"><\/div><div class=\"wcgs-spswiper-button-prev wcgs-spswiper-arrow\"><\/div><div class=\"wcgs-lightbox bottom_right\"><span class=\"sp_wgs-lightbox\"><span class=\"sp_wgs-icon-search\"><\/span><\/span><\/div><\/div><div class=\"wcgs-gallery-preloader\" style=\"opacity: 1; z-index: 9999;\"><\/div><\/div>\t\t\t\t<\/div>\n\t\t\t\t<\/div>\n\t\t\t\t<\/div>\n\t\t<div data-particle_enable=\"false\" data-particle-mobile-disabled=\"false\" class=\"elementor-element elementor-element-b904a59 e-con-full e-flex e-con e-child\" data-id=\"b904a59\" data-element_type=\"container\" data-e-type=\"container\">\n\t\t\t\t<div class=\"elementor-element elementor-element-2ce74a8 elementor-widget elementor-widget-woocommerce-product-title elementor-page-title elementor-widget-heading\" data-id=\"2ce74a8\" data-element_type=\"widget\" data-e-type=\"widget\" data-widget_type=\"woocommerce-product-title.default\">\n\t\t\t\t<div class=\"elementor-widget-container\">\n\t\t\t\t\t<h2 class=\"product_title entry-title elementor-heading-title elementor-size-default\">M\u0159\u00ed\u017eka pro p\u0159ipevn\u011bn\u00ed topen\u00ed ke stanu<\/h2>\t\t\t\t<\/div>\n\t\t\t\t<\/div>\n\t\t<div data-particle_enable=\"false\" data-particle-mobile-disabled=\"false\" class=\"elementor-element elementor-element-7387d13 e-con-full e-flex e-con e-child\" data-id=\"7387d13\" data-element_type=\"container\" data-e-type=\"container\" data-settings=\"{&quot;background_background&quot;:&quot;classic&quot;}\">\n\t\t<div data-particle_enable=\"false\" data-particle-mobile-disabled=\"false\" class=\"elementor-element elementor-element-6c6d603 e-con-full e-flex e-con e-child\" data-id=\"6c6d603\" data-element_type=\"container\" data-e-type=\"container\" data-settings=\"{&quot;shape_divider_bottom&quot;:&quot;zigzag&quot;}\">\n\t\t\t\t<div class=\"elementor-shape elementor-shape-bottom\" aria-hidden=\"true\" data-negative=\"false\">\n\t\t\t<svg xmlns=\"http:\/\/www.w3.org\/2000\/svg\" viewbox=\"0 0 1800 5.8\" preserveaspectratio=\"none\">\n  <path class=\"elementor-shape-fill\" d=\"M5.4.4l5.4 5.3L16.5.4l5.4 5.3L27.5.4 33 5.7 38.6.4l5.5 5.4h.1L49.9.4l5.4 5.3L60.9.4l5.5 5.3L72 .4l5.5 5.3L83.1.4l5.4 5.3L94.1.4l5.5 5.4h.2l5.6-5.4 5.5 5.3 5.6-5.3 5.4 5.3 5.6-5.3 5.5 5.3 5.6-5.3 5.5 5.4h.2l5.6-5.4 5.4 5.3L161 .4l5.4 5.3L172 .4l5.5 5.3 5.6-5.3 5.4 5.3 5.7-5.3 5.4 5.4h.2l5.6-5.4 5.5 5.3 5.6-5.3 5.5 5.3 5.6-5.3 5.4 5.3 5.6-5.3 5.5 5.4h.2l5.6-5.4 5.5 5.3L261 .4l5.4 5.3L272 .4l5.5 5.3 5.6-5.3 5.5 5.3 5.6-5.3 5.5 5.4h.1l5.7-5.4 5.4 5.3 5.6-5.3 5.5 5.3 5.6-5.3 5.4 5.3 5.7-5.3 5.4 5.4h.2l5.6-5.4 5.5 5.3L361 .4l5.5 5.3 5.6-5.3 5.4 5.3 5.6-5.3 5.5 5.3 5.6-5.3 5.5 5.4h.1l5.7-5.4 5.4 5.3 5.6-5.3 5.5 5.3 5.6-5.3 5.5 5.3 5.6-5.3 5.5 5.4h.1l5.6-5.4 5.5 5.3L461 .4l5.5 5.3 5.6-5.3 5.4 5.3 5.7-5.3 5.4 5.3 5.6-5.3 5.5 5.4h.2l5.6-5.4 5.5 5.3 5.6-5.3 5.4 5.3 5.6-5.3 5.5 5.3 5.6-5.3 5.5 5.4h.1L550 .4l5.4 5.3L561 .4l5.5 5.3 5.6-5.3 5.5 5.3 5.6-5.3 5.4 5.3 5.6-5.3 5.5 5.4h.2l5.6-5.4 5.5 5.3 5.6-5.3 5.4 5.3 5.7-5.3 5.4 5.3 5.6-5.3 5.5 5.4h.2L650 .4l5.5 5.3 5.6-5.3 5.4 5.3 5.6-5.3 5.5 5.3 5.6-5.3 5.5 5.3 5.6-5.3 5.4 5.4h.2l5.6-5.4 5.5 5.3 5.6-5.3 5.5 5.3 5.6-5.3 5.4 5.3 5.6-5.3 5.5 5.4h.2L750 .4l5.5 5.3 5.6-5.3 5.4 5.3 5.7-5.3 5.4 5.3 5.6-5.3 5.5 5.3 5.6-5.3 5.5 5.4h.1l5.7-5.4 5.4 5.3 5.6-5.3 5.5 5.3 5.6-5.3 5.5 5.3 5.6-5.3 5.4 5.4h.2L850 .4l5.5 5.3 5.6-5.3 5.5 5.3 5.6-5.3 5.4 5.3 5.6-5.3 5.5 5.3 5.6-5.3 5.5 5.4h.2l5.6-5.4 5.4 5.3 5.7-5.3 5.4 5.3 5.6-5.3 5.5 5.3 5.6-5.3 5.5 5.4h.1l5.7-5.4 5.4 5.3 5.6-5.3 5.5 5.3 5.6-5.3 5.5 5.3 5.6-5.3 5.4 5.3 5.6-5.3 5.5 5.4h.2l5.6-5.4 5.5 5.3 5.6-5.3 5.4 5.3 5.6-5.3 5.5 5.3 5.6-5.3 5.5 5.4h.2l5.6-5.4 5.4 5.3 5.7-5.3 5.4 5.3 5.6-5.3 5.5 5.3 5.6-5.3 5.5 5.3 5.6-5.3 5.4 5.4h.2l5.6-5.4 5.5 5.3 5.6-5.3 5.5 5.3 5.6-5.3 5.4 5.3 5.6-5.3 5.5 5.4h.2l5.6-5.4 5.5 5.3 5.6-5.3 5.4 5.3 5.6-5.3 5.5 5.3 5.6-5.3 5.5 5.3 5.6-5.3 5.5 5.4h.1l5.7-5.4 5.4 5.3 5.6-5.3 5.5 5.3 5.6-5.3 5.5 5.3 5.6-5.3 5.4 5.4h.2l5.6-5.4 5.5 5.3 5.6-5.3 5.5 5.3 5.6-5.3 5.4 5.3 5.6-5.3 5.5 5.3 5.6-5.3 5.5 5.4h.2l5.6-5.4 5.4 5.3 5.6-5.3 5.5 5.3 5.6-5.3 5.5 5.3 5.6-5.3 5.5 5.4h.1l5.7-5.4 5.4 5.3 5.6-5.3 5.5 5.3 5.6-5.3 5.5 5.3 5.6-5.3 5.4 5.3 5.6-5.3 5.5 5.4h.2l5.6-5.4 5.5 5.3 5.6-5.3 5.4 5.3 5.6-5.3 5.5 5.3 5.6-5.3 5.5 5.4h.2l5.6-5.4 5.4 5.3 5.6-5.3 5.5 5.3 5.6-5.3 5.5 5.3 5.6-5.3 5.4 5.3 5.7-5.3 5.4 5.4h.2l5.6-5.4 5.5 5.3 5.6-5.3 5.5 5.3 5.6-5.3 5.4 5.3 5.6-5.3 5.5 5.4h.2l5.6-5.4 5.5 5.3 5.6-5.3 5.4 5.3 5.6-5.3 5.5 5.3 5.6-5.3 5.5 5.3 5.6-5.3 5.5 5.4h.1l5.6-5.4 5.5 5.3 5.6-5.3 5.5 5.3 5.6-5.3 5.4 5.3 5.7-5.3 5.4 5.4h.2l5.6-5.4 5.5 5.3 5.6-5.3 5.5 5.3 5.6-5.3 5.4 5.3 5.6-5.3 5.5 5.3 5.6-5.3 5.5 5.4h.1l5.7-5.4 5.4 5.3 5.6-5.3 5.5 5.3 5.6-5.3 5.5 5.3 5.6-5.3 5.5 5.4h.1l5.6-5.4 5.5 5.3 5.6-5.3 5.5 5.3 5.6-5.3 5.4 5.3 5.7-5.3 5.4 5.3 5.6-5.3 5.5 5.4V0H-.2v5.8z\"\/>\n<\/svg>\n\t\t<\/div>\n\t\t\t\t<div class=\"elementor-element elementor-element-396ed9a elementor-widget elementor-widget-wc-add-to-cart\" data-id=\"396ed9a\" data-element_type=\"widget\" data-e-type=\"widget\" data-widget_type=\"wc-add-to-cart.default\">\n\t\t\t\t<div class=\"elementor-widget-container\">\n\t\t\t\t\t\t\t\t\t<div class=\"elementor-button-wrapper\">\n\t\t\t\t\t<a rel=\"nofollow\" href=\"\/cs\/produkt\/kratka-do-podpiecia-ogrzewania-do-namiotu\/?add-to-cart=5097\" data-quantity=\"1\" data-product_id=\"5097\" class=\"product_type_simple add_to_cart_button ajax_add_to_cart elementor-button elementor-size-sm\" role=\"button\">\n\t\t\t\t\t\t<span class=\"elementor-button-content-wrapper\">\n\t\t\t\t\t\t<span class=\"elementor-button-icon\">\n\t\t\t\t<svg aria-hidden=\"true\" class=\"e-font-icon-svg e-fas-shopping-cart\" viewbox=\"0 0 576 512\" xmlns=\"http:\/\/www.w3.org\/2000\/svg\"><path d=\"M528.12 301.319l47.273-208C578.806 78.301 567.391 64 551.99 64H159.208l-9.166-44.81C147.758 8.021 137.93 0 126.529 0H24C10.745 0 0 10.745 0 24v16c0 13.255 10.745 24 24 24h69.883l70.248 343.435C147.325 417.1 136 435.222 136 456c0 30.928 25.072 56 56 56s56-25.072 56-56c0-15.674-6.447-29.835-16.824-40h209.647C430.447 426.165 424 440.326 424 456c0 30.928 25.072 56 56 56s56-25.072 56-56c0-22.172-12.888-41.332-31.579-50.405l5.517-24.276c3.413-15.018-8.002-29.319-23.403-29.319H218.117l-6.545-32h293.145c11.206 0 20.92-7.754 23.403-18.681z\"><\/path><\/svg>\t\t\t<\/span>\n\t\t\t\t\t\t\t\t\t<span class=\"elementor-button-text\">P\u0159idat do ko\u0161\u00edku<\/span>\n\t\t\t\t\t<\/span>\n\t\t\t\t\t<\/a>\n\t\t\t\t<\/div>\n\t\t\t\t\t\t\t\t<\/div>\n\t\t\t\t<\/div>\n\t\t\t\t<div class=\"elementor-element elementor-element-1be7d6c elementor-widget elementor-widget-text-editor\" data-id=\"1be7d6c\" data-element_type=\"widget\" data-e-type=\"widget\" data-widget_type=\"text-editor.default\">\n\t\t\t\t<div class=\"elementor-widget-container\">\n\t\t\t\t\t\t\t\t\t<p><span class=\"woocommerce-Price-amount amount\"><bdi>110,00&nbsp;<span class=\"woocommerce-Price-currencySymbol\">PLN<\/span><\/bdi><\/span><\/p>\t\t\t\t\t\t\t\t<\/div>\n\t\t\t\t<\/div>\n\t\t\t\t<\/div>\n\t\t\t\t<\/div>\n\t\t\t\t<div class=\"elementor-element elementor-element-94f6080 elementor-widget elementor-widget-text-editor\" data-id=\"94f6080\" data-element_type=\"widget\" data-e-type=\"widget\" data-widget_type=\"text-editor.default\">\n\t\t\t\t<div class=\"elementor-widget-container\">\n\t\t\t\t\t\t\t\t\t<p><strong>Specifikace:<\/strong><\/p><p>Pr\u016fm\u011br potrub\u00ed Webasto: 75 mm nebo 60 mm (prod\u00e1v\u00e1 se s 60mm adapt\u00e9rem) Vhodn\u00e9 pro oba standardn\u00ed pr\u016fm\u011bry potrub\u00ed.<\/p><p><strong>Materi\u00e1l:<\/strong> <br \/>ABS (p\u0159i teplot\u011b nad 105 \u00b0C se m\u016f\u017ee deformovat)<\/p><p><strong>Rozm\u011bry:<br \/><\/strong>19 cm x 10 cm v\u00fd\u0161ka 7 cm<\/p><p>Nastaviteln\u00e1 m\u0159\u00ed\u017eka: P\u0159\u00edvod vzduchu lze nastavit v libovoln\u00e9m sm\u011bru, je opat\u0159ena z\u00e1vitem. Lze ji tak\u00e9 zcela odstranit.<\/p>\t\t\t\t\t\t\t\t<\/div>\n\t\t\t\t<\/div>\n\t\t\t\t<\/div>\n\t\t\t\t\t<\/div>\n\t\t\t\t<\/div>\n\t\t\t\t<\/div>","protected":false},"excerpt":{"rendered":"<p data-start=\"118\" data-end=\"206\">M\u0159\u00ed\u017eka pro p\u0159ipojen\u00ed potrub\u00ed od parkovac\u00edho oh\u0159\u00edva\u010de ke stanu.<\/p>","protected":false},"featured_media":5102,"comment_status":"open","ping_status":"closed","template":"elementor_header_footer","meta":{"_acf_changed":false},"product_brand":[],"product_cat":[26],"product_tag":[],"class_list":{"0":"post-5097","1":"product","2":"type-product","3":"status-publish","4":"has-post-thumbnail","6":"product_cat-stelaze","7":"product_shipping_class-darmowa","9":"first","10":"instock","11":"shipping-taxable","12":"purchasable","13":"product-type-simple"},"acf":[],"yoast_head":"<!-- This site is optimized with the Yoast SEO plugin v27.4 - https:\/\/yoast.com\/product\/yoast-seo-wordpress\/ -->\n<title>Kratka do nawiewu ciep\u0142ego powietrza do namiotu<\/title>\n<meta name=\"description\" content=\"Wytrzyma\u0142y i lekki stela\u017c do spania - sk\u0142adane \u0142\u00f3\u017cko, system spania i baza do \u0142\u00f3\u017cka. L\u017cejszy ni\u017c kampbox, Spanie w aucie z VANNABED\" \/>\n<meta name=\"robots\" content=\"index, follow, max-snippet:-1, max-image-preview:large, max-video-preview:-1\" \/>\n<link rel=\"canonical\" href=\"https:\/\/vannabed.com\/cs\/produkt\/mrizka-pro-pripojeni-topeni-ke-stanu\/?wmc-currency=EUR\" \/>\n<meta property=\"og:locale\" content=\"cs_CZ\" \/>\n<meta property=\"og:type\" content=\"article\" \/>\n<meta property=\"og:title\" content=\"Kratka do nawiewu ciep\u0142ego powietrza do namiotu\" \/>\n<meta property=\"og:description\" content=\"Wytrzyma\u0142y i lekki stela\u017c do spania - sk\u0142adane \u0142\u00f3\u017cko, system spania i baza do \u0142\u00f3\u017cka. L\u017cejszy ni\u017c kampbox, Spanie w aucie z VANNABED\" \/>\n<meta property=\"og:url\" content=\"https:\/\/vannabed.com\/cs\/produkt\/mrizka-pro-pripojeni-topeni-ke-stanu\/?wmc-currency=EUR\" \/>\n<meta property=\"og:site_name\" content=\"Vannabed\" \/>\n<meta property=\"article:modified_time\" content=\"2026-04-10T10:01:02+00:00\" \/>\n<meta property=\"og:image\" content=\"https:\/\/vannabed.com\/wp-content\/uploads\/2025\/11\/Kratka-do-namiotu-dachowego.jpg\" \/>\n\t<meta property=\"og:image:width\" content=\"1000\" \/>\n\t<meta property=\"og:image:height\" content=\"1000\" \/>\n\t<meta property=\"og:image:type\" content=\"image\/jpeg\" \/>\n<meta name=\"twitter:card\" content=\"summary_large_image\" \/>\n<meta name=\"twitter:label1\" content=\"Odhadovan\u00e1 doba \u010dten\u00ed\" \/>\n\t<meta name=\"twitter:data1\" content=\"2 minuty\" \/>\n<script type=\"application\/ld+json\" class=\"yoast-schema-graph\">{\"@context\":\"https:\\\/\\\/schema.org\",\"@graph\":[{\"@type\":\"WebPage\",\"@id\":\"https:\\\/\\\/vannabed.com\\\/produkt\\\/kratka-do-podpiecia-ogrzewania-do-namiotu\\\/\",\"url\":\"https:\\\/\\\/vannabed.com\\\/produkt\\\/kratka-do-podpiecia-ogrzewania-do-namiotu\\\/\",\"name\":\"Kratka do nawiewu ciep\u0142ego powietrza do namiotu\",\"isPartOf\":{\"@id\":\"https:\\\/\\\/vannabed.com\\\/#website\"},\"primaryImageOfPage\":{\"@id\":\"https:\\\/\\\/vannabed.com\\\/produkt\\\/kratka-do-podpiecia-ogrzewania-do-namiotu\\\/#primaryimage\"},\"image\":{\"@id\":\"https:\\\/\\\/vannabed.com\\\/produkt\\\/kratka-do-podpiecia-ogrzewania-do-namiotu\\\/#primaryimage\"},\"thumbnailUrl\":\"https:\\\/\\\/vannabed.com\\\/wp-content\\\/uploads\\\/2025\\\/11\\\/Kratka-do-namiotu-dachowego.jpg\",\"datePublished\":\"2025-11-22T21:40:04+00:00\",\"dateModified\":\"2026-04-10T10:01:02+00:00\",\"description\":\"Wytrzyma\u0142y i lekki stela\u017c do spania - sk\u0142adane \u0142\u00f3\u017cko, system spania i baza do \u0142\u00f3\u017cka. L\u017cejszy ni\u017c kampbox, Spanie w aucie z VANNABED\",\"breadcrumb\":{\"@id\":\"https:\\\/\\\/vannabed.com\\\/produkt\\\/kratka-do-podpiecia-ogrzewania-do-namiotu\\\/#breadcrumb\"},\"inLanguage\":\"cs\",\"potentialAction\":[{\"@type\":\"ReadAction\",\"target\":[\"https:\\\/\\\/vannabed.com\\\/produkt\\\/kratka-do-podpiecia-ogrzewania-do-namiotu\\\/\"]}]},{\"@type\":\"ImageObject\",\"inLanguage\":\"cs\",\"@id\":\"https:\\\/\\\/vannabed.com\\\/produkt\\\/kratka-do-podpiecia-ogrzewania-do-namiotu\\\/#primaryimage\",\"url\":\"https:\\\/\\\/vannabed.com\\\/wp-content\\\/uploads\\\/2025\\\/11\\\/Kratka-do-namiotu-dachowego.jpg\",\"contentUrl\":\"https:\\\/\\\/vannabed.com\\\/wp-content\\\/uploads\\\/2025\\\/11\\\/Kratka-do-namiotu-dachowego.jpg\",\"width\":1000,\"height\":1000},{\"@type\":\"BreadcrumbList\",\"@id\":\"https:\\\/\\\/vannabed.com\\\/produkt\\\/kratka-do-podpiecia-ogrzewania-do-namiotu\\\/#breadcrumb\",\"itemListElement\":[{\"@type\":\"ListItem\",\"position\":1,\"name\":\"Strona g\u0142\u00f3wna\",\"item\":\"https:\\\/\\\/vannabed.com\\\/\"},{\"@type\":\"ListItem\",\"position\":2,\"name\":\"Produkty\",\"item\":\"https:\\\/\\\/vannabed.com\\\/sklep__trashed\\\/\"},{\"@type\":\"ListItem\",\"position\":3,\"name\":\"Kratka do podpi\u0119cia ogrzewania do namiotu\"}]},{\"@type\":\"WebSite\",\"@id\":\"https:\\\/\\\/vannabed.com\\\/#website\",\"url\":\"https:\\\/\\\/vannabed.com\\\/\",\"name\":\"Stela\u017c do spania, \u0142\u00f3\u017cko, baza i system do Aut i Kamper\u00f3w\",\"description\":\"o yeah\",\"publisher\":{\"@id\":\"https:\\\/\\\/vannabed.com\\\/#organization\"},\"alternateName\":\"Stela\u017c do spania, \u0142\u00f3\u017cko, baza i system do Aut i Kamper\u00f3w\",\"potentialAction\":[{\"@type\":\"SearchAction\",\"target\":{\"@type\":\"EntryPoint\",\"urlTemplate\":\"https:\\\/\\\/vannabed.com\\\/?s={search_term_string}\"},\"query-input\":{\"@type\":\"PropertyValueSpecification\",\"valueRequired\":true,\"valueName\":\"search_term_string\"}}],\"inLanguage\":\"cs\"},{\"@type\":\"Organization\",\"@id\":\"https:\\\/\\\/vannabed.com\\\/#organization\",\"name\":\"Stela\u017c do spania, \u0142\u00f3\u017cko, baza i system do Aut i Kamper\u00f3w\",\"url\":\"https:\\\/\\\/vannabed.com\\\/\",\"logo\":{\"@type\":\"ImageObject\",\"inLanguage\":\"cs\",\"@id\":\"https:\\\/\\\/vannabed.com\\\/#\\\/schema\\\/logo\\\/image\\\/\",\"url\":\"\",\"contentUrl\":\"\",\"caption\":\"Stela\u017c do spania, \u0142\u00f3\u017cko, baza i system do Aut i Kamper\u00f3w\"},\"image\":{\"@id\":\"https:\\\/\\\/vannabed.com\\\/#\\\/schema\\\/logo\\\/image\\\/\"}}]}<\/script>\n<!-- \/ Yoast SEO plugin. -->","yoast_head_json":{"title":"M\u0159\u00ed\u017eka pro p\u0159\u00edvod tepl\u00e9ho vzduchu do stanu","description":"Robustn\u00ed a lehk\u00fd r\u00e1m na span\u00ed - skl\u00e1dac\u00ed postel, syst\u00e9m na span\u00ed a z\u00e1kladna postele. Leh\u010d\u00ed ne\u017e kempinkov\u00fd box, Span\u00ed v aut\u011b s VANNABEDem","robots":{"index":"index","follow":"follow","max-snippet":"max-snippet:-1","max-image-preview":"max-image-preview:large","max-video-preview":"max-video-preview:-1"},"canonical":"https:\/\/vannabed.com\/cs\/produkt\/mrizka-pro-pripojeni-topeni-ke-stanu\/?wmc-currency=EUR","og_locale":"cs_CZ","og_type":"article","og_title":"Kratka do nawiewu ciep\u0142ego powietrza do namiotu","og_description":"Wytrzyma\u0142y i lekki stela\u017c do spania - sk\u0142adane \u0142\u00f3\u017cko, system spania i baza do \u0142\u00f3\u017cka. L\u017cejszy ni\u017c kampbox, Spanie w aucie z VANNABED","og_url":"https:\/\/vannabed.com\/cs\/produkt\/mrizka-pro-pripojeni-topeni-ke-stanu\/?wmc-currency=EUR","og_site_name":"Vannabed","article_modified_time":"2026-04-10T10:01:02+00:00","og_image":[{"width":1000,"height":1000,"url":"https:\/\/vannabed.com\/wp-content\/uploads\/2025\/11\/Kratka-do-namiotu-dachowego.jpg","type":"image\/jpeg"}],"twitter_card":"summary_large_image","twitter_misc":{"Odhadovan\u00e1 doba \u010dten\u00ed":"2 minuty"},"schema":{"@context":"https:\/\/schema.org","@graph":[{"@type":"WebPage","@id":"https:\/\/vannabed.com\/produkt\/kratka-do-podpiecia-ogrzewania-do-namiotu\/","url":"https:\/\/vannabed.com\/produkt\/kratka-do-podpiecia-ogrzewania-do-namiotu\/","name":"M\u0159\u00ed\u017eka pro p\u0159\u00edvod tepl\u00e9ho vzduchu do stanu","isPartOf":{"@id":"https:\/\/vannabed.com\/#website"},"primaryImageOfPage":{"@id":"https:\/\/vannabed.com\/produkt\/kratka-do-podpiecia-ogrzewania-do-namiotu\/#primaryimage"},"image":{"@id":"https:\/\/vannabed.com\/produkt\/kratka-do-podpiecia-ogrzewania-do-namiotu\/#primaryimage"},"thumbnailUrl":"https:\/\/vannabed.com\/wp-content\/uploads\/2025\/11\/Kratka-do-namiotu-dachowego.jpg","datePublished":"2025-11-22T21:40:04+00:00","dateModified":"2026-04-10T10:01:02+00:00","description":"Robustn\u00ed a lehk\u00fd r\u00e1m na span\u00ed - skl\u00e1dac\u00ed postel, syst\u00e9m na span\u00ed a z\u00e1kladna postele. Leh\u010d\u00ed ne\u017e kempinkov\u00fd box, Span\u00ed v aut\u011b s VANNABEDem","breadcrumb":{"@id":"https:\/\/vannabed.com\/produkt\/kratka-do-podpiecia-ogrzewania-do-namiotu\/#breadcrumb"},"inLanguage":"cs","potentialAction":[{"@type":"ReadAction","target":["https:\/\/vannabed.com\/produkt\/kratka-do-podpiecia-ogrzewania-do-namiotu\/"]}]},{"@type":"ImageObject","inLanguage":"cs","@id":"https:\/\/vannabed.com\/produkt\/kratka-do-podpiecia-ogrzewania-do-namiotu\/#primaryimage","url":"https:\/\/vannabed.com\/wp-content\/uploads\/2025\/11\/Kratka-do-namiotu-dachowego.jpg","contentUrl":"https:\/\/vannabed.com\/wp-content\/uploads\/2025\/11\/Kratka-do-namiotu-dachowego.jpg","width":1000,"height":1000},{"@type":"BreadcrumbList","@id":"https:\/\/vannabed.com\/produkt\/kratka-do-podpiecia-ogrzewania-do-namiotu\/#breadcrumb","itemListElement":[{"@type":"ListItem","position":1,"name":"Strona g\u0142\u00f3wna","item":"https:\/\/vannabed.com\/"},{"@type":"ListItem","position":2,"name":"Produkty","item":"https:\/\/vannabed.com\/sklep__trashed\/"},{"@type":"ListItem","position":3,"name":"Kratka do podpi\u0119cia ogrzewania do namiotu"}]},{"@type":"WebSite","@id":"https:\/\/vannabed.com\/#website","url":"https:\/\/vannabed.com\/","name":"R\u00e1m na span\u00ed, l\u016f\u017eko, podstavec a syst\u00e9m pro automobily a obytn\u00e9 vozy","description":"oh yeah","publisher":{"@id":"https:\/\/vannabed.com\/#organization"},"alternateName":"Stela\u017c do spania, \u0142\u00f3\u017cko, baza i system do Aut i Kamper\u00f3w","potentialAction":[{"@type":"SearchAction","target":{"@type":"EntryPoint","urlTemplate":"https:\/\/vannabed.com\/?s={search_term_string}"},"query-input":{"@type":"PropertyValueSpecification","valueRequired":true,"valueName":"search_term_string"}}],"inLanguage":"cs"},{"@type":"Organization","@id":"https:\/\/vannabed.com\/#organization","name":"R\u00e1m na span\u00ed, l\u016f\u017eko, podstavec a syst\u00e9m pro automobily a obytn\u00e9 vozy","url":"https:\/\/vannabed.com\/","logo":{"@type":"ImageObject","inLanguage":"cs","@id":"https:\/\/vannabed.com\/#\/schema\/logo\/image\/","url":"","contentUrl":"","caption":"Stela\u017c do spania, \u0142\u00f3\u017cko, baza i system do Aut i Kamper\u00f3w"},"image":{"@id":"https:\/\/vannabed.com\/#\/schema\/logo\/image\/"}}]}},"_links":{"self":[{"href":"https:\/\/vannabed.com\/cs\/wp-json\/wp\/v2\/product\/5097","targetHints":{"allow":["GET"]}}],"collection":[{"href":"https:\/\/vannabed.com\/cs\/wp-json\/wp\/v2\/product"}],"about":[{"href":"https:\/\/vannabed.com\/cs\/wp-json\/wp\/v2\/types\/product"}],"replies":[{"embeddable":true,"href":"https:\/\/vannabed.com\/cs\/wp-json\/wp\/v2\/comments?post=5097"}],"version-history":[{"count":2,"href":"https:\/\/vannabed.com\/cs\/wp-json\/wp\/v2\/product\/5097\/revisions"}],"predecessor-version":[{"id":5884,"href":"https:\/\/vannabed.com\/cs\/wp-json\/wp\/v2\/product\/5097\/revisions\/5884"}],"wp:featuredmedia":[{"embeddable":true,"href":"https:\/\/vannabed.com\/cs\/wp-json\/wp\/v2\/media\/5102"}],"wp:attachment":[{"href":"https:\/\/vannabed.com\/cs\/wp-json\/wp\/v2\/media?parent=5097"}],"wp:term":[{"taxonomy":"product_brand","embeddable":true,"href":"https:\/\/vannabed.com\/cs\/wp-json\/wp\/v2\/product_brand?post=5097"},{"taxonomy":"product_cat","embeddable":true,"href":"https:\/\/vannabed.com\/cs\/wp-json\/wp\/v2\/product_cat?post=5097"},{"taxonomy":"product_tag","embeddable":true,"href":"https:\/\/vannabed.com\/cs\/wp-json\/wp\/v2\/product_tag?post=5097"}],"curies":[{"name":"wp","href":"https:\/\/api.w.org\/{rel}","templated":true}]}}